{"id":544,"date":"2025-03-19T15:42:47","date_gmt":"2025-03-19T15:42:47","guid":{"rendered":"https:\/\/friendsofglass.com\/de\/?page_id=544"},"modified":"2025-12-01T09:24:25","modified_gmt":"2025-12-01T09:24:25","slug":"teilnahmebedingungen","status":"publish","type":"page","link":"https:\/\/friendsofglass.com\/de\/teilnahmebedingungen\/","title":{"rendered":"Teilnahmebedingungen"},"content":{"rendered":"\r\n\r\n\r\n<div  class=\"custom-page-title-block\" >\r\n    <div class=\"custom-page-title spacing-top-2 spacing-bottom-2 global-container\" >\r\n            <p class=\"section-tag\"><\/p>\r\n            <h1 class=\"section-title-hero\"><\/h1>\r\n    <\/div>\r\n<\/div>\r\n\n\n\r\n\r\n\r\n<div  class=\"custom-page-title-block\" >\r\n    <div class=\"custom-page-title spacing-top-2 spacing-bottom-2 global-container\" >\r\n            <p class=\"section-tag\"><\/p>\r\n            <h1 class=\"section-title-hero\">Meta-Gewinnspiel<\/h1>\r\n    <\/div>\r\n<\/div>\r\n\n\n\r\n<div  class=\"custom-rich-text-block transparent\">\r\n    <div class=\"custom-rich-text spacing-top-2 spacing-bottom-2 global-container-wide\">\r\n        <p><strong>Teilnahmebedingungen zum Meta-Gewinnspiel Dezember 2025\u00a0<\/strong><\/p>\n<ol>\n<li>Veranstalter des Gewinnspiels ist: Initiative \u201eFriends of Glass\u201c vertreten durch den Bundesverband Glasindustrie e. V., Hansaallee 203, 40549 D\u00fcsseldorf<\/li>\n<li>Teilnahmeberechtigt sind alle nat\u00fcrlichen Personen, die mindestens 18 Jahre alt sind und in Deutschland wohnen.<\/li>\n<li>Das Gewinnspiel ist auf Deutschland beschr\u00e4nkt. Mitarbeiter der veranstaltenden Unternehmen Bundesverband Glasindustrie e. V. und der zeron GmbH sowie deren Angeh\u00f6rige, Gewinnspielvereine und automatisierte Gewinnspieldienste sind von der Teilnahme ausgeschlossen.<\/li>\n<li>Dauer des Gewinnspiels: 1. Dezember 2025 bis 8. Dezember 2025, 23.59 Uhr.<\/li>\n<li>Die Teilnahme am Gewinnspiel erfolgt durch: Folgen des Accounts, Liken und Kommentieren des Gewinnspielposts.<\/li>\n<li>Jede:r Teilnehmer:in darf nur einmal auf beiden Plattformen teilnehmen (maximal also 2 Gewinnchancen. Je eine auf Facebook und eine auf Instagram).<\/li>\n<li>Nach Ablauf des Gewinnspiels werden drei Gewinner:innen ausgelost.<\/li>\n<li>Sie bekommen diesen Preis: je eine Glasflasche von Soulbottles im Wert von ca. 35 Euro. Die Gewinne k\u00f6nnen von den dargestellten Produkten optisch abweichen.<\/li>\n<li>Die Gewinner:innen werden aus allen Teilnehmer:innen per Zufall (Losverfahren) ermittelt.<\/li>\n<li>Eine Barauszahlung des Gewinns ist ausgeschlossen; der Gewinn ist nicht auf Dritte abtretbar und \u00fcbertragbar.<\/li>\n<li>Die Gewinner:innen werden im Anschluss an das Gewinnspiel in den Kommentaren bekanntgegeben.<\/li>\n<li>Zum Zweck des Versands der Gewinne m\u00fcssen die Gewinner:innen dem Team \u00fcber eine PN ihre Postadresse mitteilen. Die Gewinne werden nach Ablauf des Gewinnspiels an die genannte Adresse verschickt.<\/li>\n<li>Sollte sich der\/die Gewinner:in innerhalb einer Frist von 7 Tagen nach der Gewinnbenachrichtigung nicht melden, verf\u00e4llt der Anspruch und es wird ein\/e Ersatzgewinner:in ausgelost.<\/li>\n<li>Der Rechtsweg ist ausgeschlossen. Die Initiative \u201eFriends of Glass\u201c kann das Gewinnspiel jederzeit modifizieren oder beenden. Aus einer vorzeitigen Beendigung k\u00f6nnen keine Anspr\u00fcche hergeleitet werden. Die Initiative \u201eFriends of Glass\u201c ist berechtigt, einzelne Personen von der Teilnahme auszuschlie\u00dfen, sofern berechtigte Gr\u00fcnde, insbesondere ein Versto\u00df gegen die Teilnahmebedingungen, vorliegen. Ggf. k\u00f6nnen in diesen F\u00e4llen auch nachtr\u00e4glich Gewinne aberkannt und zur\u00fcckgefordert werden.<\/li>\n<li>Es findet eine vollst\u00e4ndige Freistellung von Meta statt. Das Gewinnspiel steht in keiner Verbindung zu Meta und wird in keiner Weise von Meta gesponsert, unterst\u00fctzt oder organisiert.<\/li>\n<li>Der Empf\u00e4nger der von dem\/r Gewinnspielteilnehmer:in bereitgestellten Daten und Informationen ist nicht Meta, sondern die Initiative \u201eFriends of Glass\u201c.<\/li>\n<\/ol>\n<p><strong>Datenschutzerkl\u00e4rung<\/strong><br \/>\nWir legen besonderen Wert auf den Schutz Ihrer personenbezogenen Daten und behandeln diese Daten vertraulich. Ihre Daten werden nur im Rahmen der gesetzlichen Bestimmungen unter Beachtung der Vorschriften der Datenschutzgrundverordnung (DSGVO), des Bundesdatenschutzgesetzes (BDSG-neu) und des Telemediengesetzes (TMG) verarbeitet und unter Anwendung von weitreichenden technischen und organisatorischen Ma\u00dfnahmen gesch\u00fctzt. Die von Ihnen angegebenen personenbezogenen Daten werden ausschlie\u00dflich zur Durchf\u00fchrung des Gewinnspiels verarbeitet. Rechtsgrundlage hierf\u00fcr ist \u00a7 6 Abs. 1 a) und b) der DSGVO. Sie haben im Hinblick auf Ihre personenbezogenen Daten das Recht auf Auskunft, Berichtigung, L\u00f6schung, Widerspruch, Einschr\u00e4nkung der Verarbeitung und \u00dcbertragbarkeit. Ihre Einwilligung zur Verarbeitung von personenbezogenen Daten k\u00f6nnen Sie jederzeit mit Wirkung f\u00fcr die Zukunft widerrufen. Sind Sie der Ansicht, dass die Verarbeitung der Sie betreffenden personenbezogenen Daten gegen das Datenschutzrecht verst\u00f6\u00dft, haben Sie stets das Recht auf Beschwerde bei der zust\u00e4ndigen Aufsichtsbeh\u00f6rde, vgl. Artikel 77 DSGVO. Eine \u00dcbermittlung oder Weitergabe von personenbezogenen Daten ohne Ihre Einwilligung an Dritte erfolgt nicht. S\u00e4mtliche gespeicherten Daten werden nach Beendigung und Abwicklung des Gewinnspiels gel\u00f6scht.<\/p>\n\r\n            <\/div>\r\n<\/div>\n\n\n<p><\/p>\n","protected":false},"excerpt":{"rendered":"","protected":false},"author":18,"featured_media":0,"parent":0,"menu_order":0,"comment_status":"closed","ping_status":"closed","template":"","meta":{"_acf_changed":true,"inline_featured_image":false,"footnotes":""},"class_list":["post-544","page","type-page","status-publish","hentry"],"acf":[],"yoast_head":"<!-- This site is optimized with the Yoast SEO plugin v26.3 - https:\/\/yoast.com\/wordpress\/plugins\/seo\/ -->\n<title>Teilnahmebedingungen - friendsofglass DE<\/title>\n<meta name=\"robots\" content=\"noindex, nofollow\" \/>\n<meta property=\"og:locale\" content=\"en_US\" \/>\n<meta property=\"og:type\" content=\"article\" \/>\n<meta property=\"og:title\" content=\"Teilnahmebedingungen - friendsofglass DE\" \/>\n<meta property=\"og:url\" content=\"https:\/\/friendsofglass.com\/de\/teilnahmebedingungen\/\" \/>\n<meta property=\"og:site_name\" content=\"friendsofglass DE\" \/>\n<meta property=\"article:modified_time\" content=\"2025-12-01T09:24:25+00:00\" \/>\n<meta name=\"twitter:card\" content=\"summary_large_image\" \/>\n<script type=\"application\/ld+json\" class=\"yoast-schema-graph\">{\"@context\":\"https:\/\/schema.org\",\"@graph\":[{\"@type\":\"WebPage\",\"@id\":\"https:\/\/friendsofglass.com\/de\/teilnahmebedingungen\/\",\"url\":\"https:\/\/friendsofglass.com\/de\/teilnahmebedingungen\/\",\"name\":\"Teilnahmebedingungen - friendsofglass DE\",\"isPartOf\":{\"@id\":\"https:\/\/friendsofglass.com\/de\/#website\"},\"datePublished\":\"2025-03-19T15:42:47+00:00\",\"dateModified\":\"2025-12-01T09:24:25+00:00\",\"breadcrumb\":{\"@id\":\"https:\/\/friendsofglass.com\/de\/teilnahmebedingungen\/#breadcrumb\"},\"inLanguage\":\"en-US\",\"potentialAction\":[{\"@type\":\"ReadAction\",\"target\":[\"https:\/\/friendsofglass.com\/de\/teilnahmebedingungen\/\"]}]},{\"@type\":\"BreadcrumbList\",\"@id\":\"https:\/\/friendsofglass.com\/de\/teilnahmebedingungen\/#breadcrumb\",\"itemListElement\":[{\"@type\":\"ListItem\",\"position\":1,\"name\":\"Home\",\"item\":\"https:\/\/friendsofglass.com\/de\/\"},{\"@type\":\"ListItem\",\"position\":2,\"name\":\"Teilnahmebedingungen\"}]},{\"@type\":\"WebSite\",\"@id\":\"https:\/\/friendsofglass.com\/de\/#website\",\"url\":\"https:\/\/friendsofglass.com\/de\/\",\"name\":\"friendsofglass DE\",\"description\":\"\",\"publisher\":{\"@id\":\"https:\/\/friendsofglass.com\/de\/#organization\"},\"potentialAction\":[{\"@type\":\"SearchAction\",\"target\":{\"@type\":\"EntryPoint\",\"urlTemplate\":\"https:\/\/friendsofglass.com\/de\/?s={search_term_string}\"},\"query-input\":{\"@type\":\"PropertyValueSpecification\",\"valueRequired\":true,\"valueName\":\"search_term_string\"}}],\"inLanguage\":\"en-US\"},{\"@type\":\"Organization\",\"@id\":\"https:\/\/friendsofglass.com\/de\/#organization\",\"name\":\"friendsofglass DE\",\"url\":\"https:\/\/friendsofglass.com\/de\/\",\"logo\":{\"@type\":\"ImageObject\",\"inLanguage\":\"en-US\",\"@id\":\"https:\/\/friendsofglass.com\/de\/#\/schema\/logo\/image\/\",\"url\":\"https:\/\/friendsofglass.com\/de\/wp-content\/uploads\/sites\/5\/2024\/03\/FoG_site_logo.png\",\"contentUrl\":\"https:\/\/friendsofglass.com\/de\/wp-content\/uploads\/sites\/5\/2024\/03\/FoG_site_logo.png\",\"width\":458,\"height\":227,\"caption\":\"friendsofglass DE\"},\"image\":{\"@id\":\"https:\/\/friendsofglass.com\/de\/#\/schema\/logo\/image\/\"}}]}<\/script>\n<!-- \/ Yoast SEO plugin. -->","yoast_head_json":{"title":"Teilnahmebedingungen - friendsofglass DE","robots":{"index":"noindex","follow":"nofollow"},"og_locale":"en_US","og_type":"article","og_title":"Teilnahmebedingungen - friendsofglass DE","og_url":"https:\/\/friendsofglass.com\/de\/teilnahmebedingungen\/","og_site_name":"friendsofglass DE","article_modified_time":"2025-12-01T09:24:25+00:00","twitter_card":"summary_large_image","schema":{"@context":"https:\/\/schema.org","@graph":[{"@type":"WebPage","@id":"https:\/\/friendsofglass.com\/de\/teilnahmebedingungen\/","url":"https:\/\/friendsofglass.com\/de\/teilnahmebedingungen\/","name":"Teilnahmebedingungen - friendsofglass DE","isPartOf":{"@id":"https:\/\/friendsofglass.com\/de\/#website"},"datePublished":"2025-03-19T15:42:47+00:00","dateModified":"2025-12-01T09:24:25+00:00","breadcrumb":{"@id":"https:\/\/friendsofglass.com\/de\/teilnahmebedingungen\/#breadcrumb"},"inLanguage":"en-US","potentialAction":[{"@type":"ReadAction","target":["https:\/\/friendsofglass.com\/de\/teilnahmebedingungen\/"]}]},{"@type":"BreadcrumbList","@id":"https:\/\/friendsofglass.com\/de\/teilnahmebedingungen\/#breadcrumb","itemListElement":[{"@type":"ListItem","position":1,"name":"Home","item":"https:\/\/friendsofglass.com\/de\/"},{"@type":"ListItem","position":2,"name":"Teilnahmebedingungen"}]},{"@type":"WebSite","@id":"https:\/\/friendsofglass.com\/de\/#website","url":"https:\/\/friendsofglass.com\/de\/","name":"friendsofglass DE","description":"","publisher":{"@id":"https:\/\/friendsofglass.com\/de\/#organization"},"potentialAction":[{"@type":"SearchAction","target":{"@type":"EntryPoint","urlTemplate":"https:\/\/friendsofglass.com\/de\/?s={search_term_string}"},"query-input":{"@type":"PropertyValueSpecification","valueRequired":true,"valueName":"search_term_string"}}],"inLanguage":"en-US"},{"@type":"Organization","@id":"https:\/\/friendsofglass.com\/de\/#organization","name":"friendsofglass DE","url":"https:\/\/friendsofglass.com\/de\/","logo":{"@type":"ImageObject","inLanguage":"en-US","@id":"https:\/\/friendsofglass.com\/de\/#\/schema\/logo\/image\/","url":"https:\/\/friendsofglass.com\/de\/wp-content\/uploads\/sites\/5\/2024\/03\/FoG_site_logo.png","contentUrl":"https:\/\/friendsofglass.com\/de\/wp-content\/uploads\/sites\/5\/2024\/03\/FoG_site_logo.png","width":458,"height":227,"caption":"friendsofglass DE"},"image":{"@id":"https:\/\/friendsofglass.com\/de\/#\/schema\/logo\/image\/"}}]}},"_links":{"self":[{"href":"https:\/\/friendsofglass.com\/de\/wp-json\/wp\/v2\/pages\/544","targetHints":{"allow":["GET"]}}],"collection":[{"href":"https:\/\/friendsofglass.com\/de\/wp-json\/wp\/v2\/pages"}],"about":[{"href":"https:\/\/friendsofglass.com\/de\/wp-json\/wp\/v2\/types\/page"}],"author":[{"embeddable":true,"href":"https:\/\/friendsofglass.com\/de\/wp-json\/wp\/v2\/users\/18"}],"replies":[{"embeddable":true,"href":"https:\/\/friendsofglass.com\/de\/wp-json\/wp\/v2\/comments?post=544"}],"version-history":[{"count":0,"href":"https:\/\/friendsofglass.com\/de\/wp-json\/wp\/v2\/pages\/544\/revisions"}],"wp:attachment":[{"href":"https:\/\/friendsofglass.com\/de\/wp-json\/wp\/v2\/media?parent=544"}],"curies":[{"name":"wp","href":"https:\/\/api.w.org\/{rel}","templated":true}]}}