{"id":202,"date":"2024-06-24T15:23:58","date_gmt":"2024-06-24T15:23:58","guid":{"rendered":"https:\/\/friendsofglass.com\/fr\/take-action-overview\/"},"modified":"2025-09-29T09:27:37","modified_gmt":"2025-09-29T09:27:37","slug":"agissez","status":"publish","type":"page","link":"https:\/\/friendsofglass.com\/fr\/agissez\/","title":{"rendered":"Agissez"},"content":{"rendered":"\r\n<div  class=\"hero-banner-swiper\">\r\n    <div class=\"swiper\">\r\n\r\n        <div class=\"swiper-wrapper\">\r\n                                                <div class=\"slide-container swiper-slide\" >\r\n\r\n                                                    <img decoding=\"async\" src=\"https:\/\/friendsofglass.com\/fr\/wp-content\/uploads\/sites\/7\/2024\/07\/take-action-glass-packaging.png\" style=\"object-position: 50% 50%\" class=\"media\" \/>\r\n                        \r\n\r\n                        <div class=\"slide-content\">\r\n                             <div class=\"global-container-wide\">\r\n                                <p class=\"section-tag\">Agissez maintenant\u202f <\/p>\r\n                                                                    <h1 class=\"section-title-hero\">Qu&#8217;il s&#8217;agisse de la fa\u00e7on dont nous vivons \u00e0 la maison ou agissons pour la plan\u00e8te, nos choix quotidiens peuvent \u00eatre le point de d\u00e9part d&#8217;un avenir plus durable.\u202f <\/h1>\r\n                                                                <div class=\"slide-buttons\">\r\n                                                                          \r\n                                <\/div>\r\n                            <\/div>\r\n                        <\/div>\r\n                    <\/div>\r\n                                    <\/div>\r\n\r\n                            \r\n        <div class=\"swiper-pagination fix-time\"><\/div>\r\n\r\n    <\/div>\r\n<\/div>\r\n\r\n\r\n\r\n\n\n \r\n <div  class=\"custom-cards-block background-white\" >\r\n     <div class=\"custom-cards spacing-top-2 spacing-bottom-2 global-container-wide\" >\r\n        <h2 class=\"section-title\">Soutenez nos campagnes<\/h2>\r\n        <p class=\"section-description\"><\/p>\r\n        <div class=\"swiper\">\r\n            <div class=\"swiper-wrapper cards-top\">\r\n                            <div class=\"swiper-slide\" >\r\n                    <div class=\"carousel-card\" >\r\n                                                    <div class=\"carousel-card-img\"><img loading=\"lazy\" decoding=\"async\" width=\"400\" height=\"400\" src=\"https:\/\/friendsofglass.com\/fr\/wp-content\/uploads\/sites\/7\/2024\/07\/take-action-choose-glass.png\" class=\"attachment-full size-full\" alt=\"take-action-choose-glass\" srcset=\"https:\/\/friendsofglass.com\/fr\/wp-content\/uploads\/sites\/7\/2024\/07\/take-action-choose-glass.png 400w, https:\/\/friendsofglass.com\/fr\/wp-content\/uploads\/sites\/7\/2024\/07\/take-action-choose-glass-300x300.png 300w, https:\/\/friendsofglass.com\/fr\/wp-content\/uploads\/sites\/7\/2024\/07\/take-action-choose-glass-150x150.png 150w\" sizes=\"auto, (max-width: 400px) 100vw, 400px\" \/><\/div>\r\n                        \r\n                                                    \r\n                             <div class=\"title-container\" >\r\n                                                                <h3 class=\"card-title\" style=\"color: var(--wp--preset--color--black);\" >Choisissez le verre\u202f <\/h3>\r\n                            <\/div>\r\n                        \r\n                                                      <p class=\"card-description\">Un favori historique, aim\u00e9 par des g\u00e9n\u00e9rations de consommateurs et de marques.\u202f\u202f\u202f <\/p>\r\n                        \r\n                                                    <a class=\"card-link\" href=\"https:\/\/friendsofglass.com\/fr\/agissez\/choisissez-le-verre\"    >D\u00e9couvrez pourquoi\u202f <svg width=\"24\" height=\"24\" viewBox=\"0 0 24 24\" fill=\"none\" xmlns=\"http:\/\/www.w3.org\/2000\/svg\">\n    <path d=\"M15.586 10.6569L11.636 6.70692C11.4538 6.51832 11.353 6.26571 11.3553 6.00352C11.3576 5.74132 11.4628 5.49051 11.6482 5.3051C11.8336 5.11969 12.0844 5.01452 12.3466 5.01224C12.6088 5.00997 12.8614 5.11076 13.05 5.29292L18.707 10.9499C18.8002 11.0426 18.8741 11.1527 18.9246 11.2741C18.9751 11.3954 19.001 11.5255 19.001 11.6569C19.001 11.7883 18.9751 11.9184 18.9246 12.0398C18.8741 12.1611 18.8002 12.2713 18.707 12.3639L13.05 18.0209C12.9578 18.1164 12.8474 18.1926 12.7254 18.245C12.6034 18.2974 12.4722 18.325 12.3394 18.3262C12.2066 18.3273 12.0749 18.302 11.952 18.2517C11.8291 18.2015 11.7175 18.1272 11.6236 18.0333C11.5297 17.9394 11.4555 17.8278 11.4052 17.7049C11.3549 17.582 11.3296 17.4503 11.3307 17.3175C11.3319 17.1847 11.3595 17.0535 11.4119 16.9315C11.4643 16.8095 11.5405 16.6992 11.636 16.6069L15.586 12.6569H6C5.73478 12.6569 5.48043 12.5516 5.29289 12.364C5.10536 12.1765 5 11.9221 5 11.6569C5 11.3917 5.10536 11.1373 5.29289 10.9498C5.48043 10.7623 5.73478 10.6569 6 10.6569H15.586Z\" fill=\"#001822\"\/>\n<\/svg><\/a>\r\n                                            <\/div>\r\n                <\/div>\r\n                            <div class=\"swiper-slide\" >\r\n                    <div class=\"carousel-card\" >\r\n                                                    <div class=\"carousel-card-img\"><img loading=\"lazy\" decoding=\"async\" width=\"400\" height=\"400\" src=\"https:\/\/friendsofglass.com\/fr\/wp-content\/uploads\/sites\/7\/2024\/07\/take-action-recycle-glass.png\" class=\"attachment-full size-full\" alt=\"take-action-recycle-glass\" srcset=\"https:\/\/friendsofglass.com\/fr\/wp-content\/uploads\/sites\/7\/2024\/07\/take-action-recycle-glass.png 400w, https:\/\/friendsofglass.com\/fr\/wp-content\/uploads\/sites\/7\/2024\/07\/take-action-recycle-glass-300x300.png 300w, https:\/\/friendsofglass.com\/fr\/wp-content\/uploads\/sites\/7\/2024\/07\/take-action-recycle-glass-150x150.png 150w\" sizes=\"auto, (max-width: 400px) 100vw, 400px\" \/><\/div>\r\n                        \r\n                                                    \r\n                             <div class=\"title-container\" >\r\n                                                                <h3 class=\"card-title\" style=\"color: var(--wp--preset--color--green);\" >Recyclez le verre <\/h3>\r\n                            <\/div>\r\n                        \r\n                                                      <p class=\"card-description\">8 bouteilles sur 10 en Europe sont collect\u00e9es pour recyclage -\u202f ce qui leur permet de revenir dans les rayons des magasins en l&#8217;espace d&#8217;un mois seulement.    <\/p>\r\n                        \r\n                                                    <a class=\"card-link\" href=\"https:\/\/friendsofglass.com\/fr\/agissez\/recycler-le-verre\"    >D\u00e9couvrez en plus\u202f <svg width=\"24\" height=\"24\" viewBox=\"0 0 24 24\" fill=\"none\" xmlns=\"http:\/\/www.w3.org\/2000\/svg\">\n    <path d=\"M15.586 10.6569L11.636 6.70692C11.4538 6.51832 11.353 6.26571 11.3553 6.00352C11.3576 5.74132 11.4628 5.49051 11.6482 5.3051C11.8336 5.11969 12.0844 5.01452 12.3466 5.01224C12.6088 5.00997 12.8614 5.11076 13.05 5.29292L18.707 10.9499C18.8002 11.0426 18.8741 11.1527 18.9246 11.2741C18.9751 11.3954 19.001 11.5255 19.001 11.6569C19.001 11.7883 18.9751 11.9184 18.9246 12.0398C18.8741 12.1611 18.8002 12.2713 18.707 12.3639L13.05 18.0209C12.9578 18.1164 12.8474 18.1926 12.7254 18.245C12.6034 18.2974 12.4722 18.325 12.3394 18.3262C12.2066 18.3273 12.0749 18.302 11.952 18.2517C11.8291 18.2015 11.7175 18.1272 11.6236 18.0333C11.5297 17.9394 11.4555 17.8278 11.4052 17.7049C11.3549 17.582 11.3296 17.4503 11.3307 17.3175C11.3319 17.1847 11.3595 17.0535 11.4119 16.9315C11.4643 16.8095 11.5405 16.6992 11.636 16.6069L15.586 12.6569H6C5.73478 12.6569 5.48043 12.5516 5.29289 12.364C5.10536 12.1765 5 11.9221 5 11.6569C5 11.3917 5.10536 11.1373 5.29289 10.9498C5.48043 10.7623 5.73478 10.6569 6 10.6569H15.586Z\" fill=\"#001822\"\/>\n<\/svg><\/a>\r\n                                            <\/div>\r\n                <\/div>\r\n                            <div class=\"swiper-slide\" >\r\n                    <div class=\"carousel-card\" >\r\n                                                    <div class=\"carousel-card-img\"><img loading=\"lazy\" decoding=\"async\" width=\"400\" height=\"400\" src=\"https:\/\/friendsofglass.com\/fr\/wp-content\/uploads\/sites\/7\/2024\/07\/take-action-reuse-glass.png\" class=\"attachment-full size-full\" alt=\"take-action-reuse-glass\" srcset=\"https:\/\/friendsofglass.com\/fr\/wp-content\/uploads\/sites\/7\/2024\/07\/take-action-reuse-glass.png 400w, https:\/\/friendsofglass.com\/fr\/wp-content\/uploads\/sites\/7\/2024\/07\/take-action-reuse-glass-300x300.png 300w, https:\/\/friendsofglass.com\/fr\/wp-content\/uploads\/sites\/7\/2024\/07\/take-action-reuse-glass-150x150.png 150w\" sizes=\"auto, (max-width: 400px) 100vw, 400px\" \/><\/div>\r\n                        \r\n                                                    \r\n                             <div class=\"title-container\" >\r\n                                                                <h3 class=\"card-title\" style=\"color: var(--wp--preset--color--ice);\" >R\u00e9utiliser le verre <\/h3>\r\n                            <\/div>\r\n                        \r\n                                                      <p class=\"card-description\">Qu&#8217;il s&#8217;agisse de bricolage, de solutions de rangement \u00e9l\u00e9gantes ou de livraisons de lait \u00e0 domicile, les possibilit\u00e9s de r\u00e9utilisation des r\u00e9cipients vides sont infinies.\u202f <\/p>\r\n                        \r\n                                                    <a class=\"card-link\" href=\"https:\/\/friendsofglass.com\/fr\/agissez\/reutilisez-le-verre\"    >Trouvez de l\u2019inspiration\u202f <svg width=\"24\" height=\"24\" viewBox=\"0 0 24 24\" fill=\"none\" xmlns=\"http:\/\/www.w3.org\/2000\/svg\">\n    <path d=\"M15.586 10.6569L11.636 6.70692C11.4538 6.51832 11.353 6.26571 11.3553 6.00352C11.3576 5.74132 11.4628 5.49051 11.6482 5.3051C11.8336 5.11969 12.0844 5.01452 12.3466 5.01224C12.6088 5.00997 12.8614 5.11076 13.05 5.29292L18.707 10.9499C18.8002 11.0426 18.8741 11.1527 18.9246 11.2741C18.9751 11.3954 19.001 11.5255 19.001 11.6569C19.001 11.7883 18.9751 11.9184 18.9246 12.0398C18.8741 12.1611 18.8002 12.2713 18.707 12.3639L13.05 18.0209C12.9578 18.1164 12.8474 18.1926 12.7254 18.245C12.6034 18.2974 12.4722 18.325 12.3394 18.3262C12.2066 18.3273 12.0749 18.302 11.952 18.2517C11.8291 18.2015 11.7175 18.1272 11.6236 18.0333C11.5297 17.9394 11.4555 17.8278 11.4052 17.7049C11.3549 17.582 11.3296 17.4503 11.3307 17.3175C11.3319 17.1847 11.3595 17.0535 11.4119 16.9315C11.4643 16.8095 11.5405 16.6992 11.636 16.6069L15.586 12.6569H6C5.73478 12.6569 5.48043 12.5516 5.29289 12.364C5.10536 12.1765 5 11.9221 5 11.6569C5 11.3917 5.10536 11.1373 5.29289 10.9498C5.48043 10.7623 5.73478 10.6569 6 10.6569H15.586Z\" fill=\"#001822\"\/>\n<\/svg><\/a>\r\n                                            <\/div>\r\n                <\/div>\r\n                        <\/div>\r\n        <\/div>\r\n     <\/div>\r\n <\/div>\r\n\r\n\r\n\r\n\n\n \r\n <div  class=\"custom-text-and-image-block background-light-grey\" >\r\n     <div class=\"custom-text-and-image spacing-top-2 spacing-bottom-2 global-container-wide\" >\r\n         <div class=\"media-container\">\r\n            <div class=\"media square\">\r\n                <img loading=\"lazy\" decoding=\"async\" width=\"600\" height=\"600\" src=\"https:\/\/friendsofglass.com\/fr\/wp-content\/uploads\/sites\/7\/2024\/07\/friends-of-glass-celebrates-glass-awareness-glass-packaging.png\" class=\"attachment-full size-full\" alt=\"friends-of-glass-celebrates-glass-awareness-glass-packaging\" srcset=\"https:\/\/friendsofglass.com\/fr\/wp-content\/uploads\/sites\/7\/2024\/07\/friends-of-glass-celebrates-glass-awareness-glass-packaging.png 600w, https:\/\/friendsofglass.com\/fr\/wp-content\/uploads\/sites\/7\/2024\/07\/friends-of-glass-celebrates-glass-awareness-glass-packaging-300x300.png 300w, https:\/\/friendsofglass.com\/fr\/wp-content\/uploads\/sites\/7\/2024\/07\/friends-of-glass-celebrates-glass-awareness-glass-packaging-150x150.png 150w\" sizes=\"auto, (max-width: 600px) 100vw, 600px\" \/>            <\/div>\r\n        <\/div>\r\n        <div class=\"content\">\r\n            <h3 class=\"section-title\" >Soutenez nos campagnes <\/h3>\r\n            <p class=\"section-description\" >Friends of Glass c\u00e9l\u00e8bre le verre et sensibilise aux avantages de l&#8217;emballage en verre. D\u00e9couvrez nos derni\u00e8res campagnes.    <\/p>\r\n            <div class=\"buttons\">\r\n                                 <a class=\"main-btn background-green\" href=\"https:\/\/friendsofglass.com\/fr\/agissez\/campagnes\"     >Montrez votre soutien <svg width=\"24\" height=\"24\" viewBox=\"0 0 24 24\" fill=\"none\" xmlns=\"http:\/\/www.w3.org\/2000\/svg\">\n    <path d=\"M15.586 10.6569L11.636 6.70692C11.4538 6.51832 11.353 6.26571 11.3553 6.00352C11.3576 5.74132 11.4628 5.49051 11.6482 5.3051C11.8336 5.11969 12.0844 5.01452 12.3466 5.01224C12.6088 5.00997 12.8614 5.11076 13.05 5.29292L18.707 10.9499C18.8002 11.0426 18.8741 11.1527 18.9246 11.2741C18.9751 11.3954 19.001 11.5255 19.001 11.6569C19.001 11.7883 18.9751 11.9184 18.9246 12.0398C18.8741 12.1611 18.8002 12.2713 18.707 12.3639L13.05 18.0209C12.9578 18.1164 12.8474 18.1926 12.7254 18.245C12.6034 18.2974 12.4722 18.325 12.3394 18.3262C12.2066 18.3273 12.0749 18.302 11.952 18.2517C11.8291 18.2015 11.7175 18.1272 11.6236 18.0333C11.5297 17.9394 11.4555 17.8278 11.4052 17.7049C11.3549 17.582 11.3296 17.4503 11.3307 17.3175C11.3319 17.1847 11.3595 17.0535 11.4119 16.9315C11.4643 16.8095 11.5405 16.6992 11.636 16.6069L15.586 12.6569H6C5.73478 12.6569 5.48043 12.5516 5.29289 12.364C5.10536 12.1765 5 11.9221 5 11.6569C5 11.3917 5.10536 11.1373 5.29289 10.9498C5.48043 10.7623 5.73478 10.6569 6 10.6569H15.586Z\" fill=\"#001822\"\/>\n<\/svg><\/a>\r\n                                            <\/div>\r\n\r\n        <\/div>\r\n     <\/div>\r\n <\/div>\r\n","protected":false},"excerpt":{"rendered":"","protected":false},"author":1,"featured_media":0,"parent":0,"menu_order":0,"comment_status":"closed","ping_status":"closed","template":"","meta":{"_acf_changed":true,"inline_featured_image":false,"footnotes":""},"class_list":["post-202","page","type-page","status-publish","hentry"],"acf":[],"yoast_head":"<!-- This site is optimized with the Yoast SEO plugin v26.3 - https:\/\/yoast.com\/wordpress\/plugins\/seo\/ -->\n<title>Agissez - Friends of Glass FR<\/title>\n<meta name=\"description\" content=\"Apprenez \u00e0 adopter un mode de vie plus durable en int\u00e9grant le verre dans votre quotidien, et pensez \u00e0 recycler et r\u00e9utiliser vos emballages.\" \/>\n<meta name=\"robots\" content=\"index, follow, max-snippet:-1, max-image-preview:large, max-video-preview:-1\" \/>\n<link rel=\"canonical\" href=\"https:\/\/friendsofglass.com\/fr\/agissez\/\" \/>\n<meta property=\"og:locale\" content=\"en_US\" \/>\n<meta property=\"og:type\" content=\"article\" \/>\n<meta property=\"og:title\" content=\"Agissez - Friends of Glass FR\" \/>\n<meta property=\"og:description\" content=\"Apprenez \u00e0 adopter un mode de vie plus durable en int\u00e9grant le verre dans votre quotidien, et pensez \u00e0 recycler et r\u00e9utiliser vos emballages.\" \/>\n<meta property=\"og:url\" content=\"https:\/\/friendsofglass.com\/fr\/agissez\/\" \/>\n<meta property=\"og:site_name\" content=\"Friends of Glass FR\" \/>\n<meta property=\"article:modified_time\" content=\"2025-09-29T09:27:37+00:00\" \/>\n<meta name=\"twitter:card\" content=\"summary_large_image\" \/>\n<script type=\"application\/ld+json\" class=\"yoast-schema-graph\">{\"@context\":\"https:\/\/schema.org\",\"@graph\":[{\"@type\":\"WebPage\",\"@id\":\"https:\/\/friendsofglass.com\/fr\/agissez\/\",\"url\":\"https:\/\/friendsofglass.com\/fr\/agissez\/\",\"name\":\"Agissez - Friends of Glass FR\",\"isPartOf\":{\"@id\":\"https:\/\/friendsofglass.com\/fr\/#website\"},\"datePublished\":\"2024-06-24T15:23:58+00:00\",\"dateModified\":\"2025-09-29T09:27:37+00:00\",\"description\":\"Apprenez \u00e0 adopter un mode de vie plus durable en int\u00e9grant le verre dans votre quotidien, et pensez \u00e0 recycler et r\u00e9utiliser vos emballages.\",\"breadcrumb\":{\"@id\":\"https:\/\/friendsofglass.com\/fr\/agissez\/#breadcrumb\"},\"inLanguage\":\"en-US\",\"potentialAction\":[{\"@type\":\"ReadAction\",\"target\":[\"https:\/\/friendsofglass.com\/fr\/agissez\/\"]}]},{\"@type\":\"BreadcrumbList\",\"@id\":\"https:\/\/friendsofglass.com\/fr\/agissez\/#breadcrumb\",\"itemListElement\":[{\"@type\":\"ListItem\",\"position\":1,\"name\":\"Home\",\"item\":\"https:\/\/friendsofglass.com\/fr\/\"},{\"@type\":\"ListItem\",\"position\":2,\"name\":\"Agissez\"}]},{\"@type\":\"WebSite\",\"@id\":\"https:\/\/friendsofglass.com\/fr\/#website\",\"url\":\"https:\/\/friendsofglass.com\/fr\/\",\"name\":\"Friends of Glass FR\",\"description\":\"\",\"publisher\":{\"@id\":\"https:\/\/friendsofglass.com\/fr\/#organization\"},\"potentialAction\":[{\"@type\":\"SearchAction\",\"target\":{\"@type\":\"EntryPoint\",\"urlTemplate\":\"https:\/\/friendsofglass.com\/fr\/?s={search_term_string}\"},\"query-input\":{\"@type\":\"PropertyValueSpecification\",\"valueRequired\":true,\"valueName\":\"search_term_string\"}}],\"inLanguage\":\"en-US\"},{\"@type\":\"Organization\",\"@id\":\"https:\/\/friendsofglass.com\/fr\/#organization\",\"name\":\"Friends of Glass FR\",\"url\":\"https:\/\/friendsofglass.com\/fr\/\",\"logo\":{\"@type\":\"ImageObject\",\"inLanguage\":\"en-US\",\"@id\":\"https:\/\/friendsofglass.com\/fr\/#\/schema\/logo\/image\/\",\"url\":\"https:\/\/friendsofglass.com\/fr\/wp-content\/uploads\/sites\/7\/2024\/03\/FoG_site_logo.png\",\"contentUrl\":\"https:\/\/friendsofglass.com\/fr\/wp-content\/uploads\/sites\/7\/2024\/03\/FoG_site_logo.png\",\"width\":458,\"height\":227,\"caption\":\"Friends of Glass FR\"},\"image\":{\"@id\":\"https:\/\/friendsofglass.com\/fr\/#\/schema\/logo\/image\/\"}}]}<\/script>\n<!-- \/ Yoast SEO plugin. -->","yoast_head_json":{"title":"Agissez - Friends of Glass FR","description":"Apprenez \u00e0 adopter un mode de vie plus durable en int\u00e9grant le verre dans votre quotidien, et pensez \u00e0 recycler et r\u00e9utiliser vos emballages.","robots":{"index":"index","follow":"follow","max-snippet":"max-snippet:-1","max-image-preview":"max-image-preview:large","max-video-preview":"max-video-preview:-1"},"canonical":"https:\/\/friendsofglass.com\/fr\/agissez\/","og_locale":"en_US","og_type":"article","og_title":"Agissez - Friends of Glass FR","og_description":"Apprenez \u00e0 adopter un mode de vie plus durable en int\u00e9grant le verre dans votre quotidien, et pensez \u00e0 recycler et r\u00e9utiliser vos emballages.","og_url":"https:\/\/friendsofglass.com\/fr\/agissez\/","og_site_name":"Friends of Glass FR","article_modified_time":"2025-09-29T09:27:37+00:00","twitter_card":"summary_large_image","schema":{"@context":"https:\/\/schema.org","@graph":[{"@type":"WebPage","@id":"https:\/\/friendsofglass.com\/fr\/agissez\/","url":"https:\/\/friendsofglass.com\/fr\/agissez\/","name":"Agissez - Friends of Glass FR","isPartOf":{"@id":"https:\/\/friendsofglass.com\/fr\/#website"},"datePublished":"2024-06-24T15:23:58+00:00","dateModified":"2025-09-29T09:27:37+00:00","description":"Apprenez \u00e0 adopter un mode de vie plus durable en int\u00e9grant le verre dans votre quotidien, et pensez \u00e0 recycler et r\u00e9utiliser vos emballages.","breadcrumb":{"@id":"https:\/\/friendsofglass.com\/fr\/agissez\/#breadcrumb"},"inLanguage":"en-US","potentialAction":[{"@type":"ReadAction","target":["https:\/\/friendsofglass.com\/fr\/agissez\/"]}]},{"@type":"BreadcrumbList","@id":"https:\/\/friendsofglass.com\/fr\/agissez\/#breadcrumb","itemListElement":[{"@type":"ListItem","position":1,"name":"Home","item":"https:\/\/friendsofglass.com\/fr\/"},{"@type":"ListItem","position":2,"name":"Agissez"}]},{"@type":"WebSite","@id":"https:\/\/friendsofglass.com\/fr\/#website","url":"https:\/\/friendsofglass.com\/fr\/","name":"Friends of Glass FR","description":"","publisher":{"@id":"https:\/\/friendsofglass.com\/fr\/#organization"},"potentialAction":[{"@type":"SearchAction","target":{"@type":"EntryPoint","urlTemplate":"https:\/\/friendsofglass.com\/fr\/?s={search_term_string}"},"query-input":{"@type":"PropertyValueSpecification","valueRequired":true,"valueName":"search_term_string"}}],"inLanguage":"en-US"},{"@type":"Organization","@id":"https:\/\/friendsofglass.com\/fr\/#organization","name":"Friends of Glass FR","url":"https:\/\/friendsofglass.com\/fr\/","logo":{"@type":"ImageObject","inLanguage":"en-US","@id":"https:\/\/friendsofglass.com\/fr\/#\/schema\/logo\/image\/","url":"https:\/\/friendsofglass.com\/fr\/wp-content\/uploads\/sites\/7\/2024\/03\/FoG_site_logo.png","contentUrl":"https:\/\/friendsofglass.com\/fr\/wp-content\/uploads\/sites\/7\/2024\/03\/FoG_site_logo.png","width":458,"height":227,"caption":"Friends of Glass FR"},"image":{"@id":"https:\/\/friendsofglass.com\/fr\/#\/schema\/logo\/image\/"}}]}},"_links":{"self":[{"href":"https:\/\/friendsofglass.com\/fr\/wp-json\/wp\/v2\/pages\/202","targetHints":{"allow":["GET"]}}],"collection":[{"href":"https:\/\/friendsofglass.com\/fr\/wp-json\/wp\/v2\/pages"}],"about":[{"href":"https:\/\/friendsofglass.com\/fr\/wp-json\/wp\/v2\/types\/page"}],"author":[{"embeddable":true,"href":"https:\/\/friendsofglass.com\/fr\/wp-json\/wp\/v2\/users\/1"}],"replies":[{"embeddable":true,"href":"https:\/\/friendsofglass.com\/fr\/wp-json\/wp\/v2\/comments?post=202"}],"version-history":[{"count":0,"href":"https:\/\/friendsofglass.com\/fr\/wp-json\/wp\/v2\/pages\/202\/revisions"}],"wp:attachment":[{"href":"https:\/\/friendsofglass.com\/fr\/wp-json\/wp\/v2\/media?parent=202"}],"curies":[{"name":"wp","href":"https:\/\/api.w.org\/{rel}","templated":true}]}}