{"id":583,"date":"2025-06-21T15:50:49","date_gmt":"2025-06-21T15:50:49","guid":{"rendered":"https:\/\/friendsofglass.com\/hr\/?page_id=583"},"modified":"2025-11-24T15:41:13","modified_gmt":"2025-11-24T15:41:13","slug":"pravila-nagradne-igre-kviz-o-recikliranju-u-koprivnici","status":"publish","type":"page","link":"https:\/\/friendsofglass.com\/hr\/pravila-nagradne-igre-kviz-o-recikliranju-u-koprivnici\/","title":{"rendered":"Pravila nagradne igre \u201cKviz o recikliranju u Koprivnici\u201d\u00a0\u00a0"},"content":{"rendered":"\r\n<div  class=\"hero-banner-swiper\">\r\n    <div class=\"swiper\">\r\n\r\n        <div class=\"swiper-wrapper\">\r\n                                                <div class=\"slide-container swiper-slide\" >\r\n\r\n                                                    <img decoding=\"async\" src=\"https:\/\/friendsofglass.com\/hr\/wp-content\/uploads\/sites\/12\/2025\/06\/what-are-the-benefits-of-glass-in-a-circular-economy.png\" style=\"object-position: 50% 50%\" class=\"media\" \/>\r\n                        \r\n\r\n                        <div class=\"slide-content\">\r\n                             <div class=\"global-container-wide\">\r\n                                <p class=\"section-tag\"><\/p>\r\n                                                                    <h1 class=\"section-title-hero\">Pravila nagradne igre \u201cKviz o recikliranju u Koprivnici\u201d\u00a0<\/h1>\r\n                                                                <div class=\"slide-buttons\">\r\n                                                                            <a href=\"https:\/\/forms.gle\/jRpk1ep8CTEwidiR8\"    class=\"main-btn background-green\" >Kviz o recikliranju u Koprivnici<svg width=\"24\" height=\"24\" viewBox=\"0 0 24 24\" fill=\"none\" xmlns=\"http:\/\/www.w3.org\/2000\/svg\">\n    <path d=\"M15.586 10.6569L11.636 6.70692C11.4538 6.51832 11.353 6.26571 11.3553 6.00352C11.3576 5.74132 11.4628 5.49051 11.6482 5.3051C11.8336 5.11969 12.0844 5.01452 12.3466 5.01224C12.6088 5.00997 12.8614 5.11076 13.05 5.29292L18.707 10.9499C18.8002 11.0426 18.8741 11.1527 18.9246 11.2741C18.9751 11.3954 19.001 11.5255 19.001 11.6569C19.001 11.7883 18.9751 11.9184 18.9246 12.0398C18.8741 12.1611 18.8002 12.2713 18.707 12.3639L13.05 18.0209C12.9578 18.1164 12.8474 18.1926 12.7254 18.245C12.6034 18.2974 12.4722 18.325 12.3394 18.3262C12.2066 18.3273 12.0749 18.302 11.952 18.2517C11.8291 18.2015 11.7175 18.1272 11.6236 18.0333C11.5297 17.9394 11.4555 17.8278 11.4052 17.7049C11.3549 17.582 11.3296 17.4503 11.3307 17.3175C11.3319 17.1847 11.3595 17.0535 11.4119 16.9315C11.4643 16.8095 11.5405 16.6992 11.636 16.6069L15.586 12.6569H6C5.73478 12.6569 5.48043 12.5516 5.29289 12.364C5.10536 12.1765 5 11.9221 5 11.6569C5 11.3917 5.10536 11.1373 5.29289 10.9498C5.48043 10.7623 5.73478 10.6569 6 10.6569H15.586Z\" fill=\"#001822\"\/>\n<\/svg><\/a>\r\n                                                                           \r\n                                <\/div>\r\n                            <\/div>\r\n                        <\/div>\r\n                    <\/div>\r\n                                    <\/div>\r\n\r\n                            \r\n        <div class=\"swiper-pagination fix-time\"><\/div>\r\n\r\n    <\/div>\r\n<\/div>\r\n\r\n\r\n\r\n\n\n\r\n<div  class=\"custom-rich-text-block transparent\">\r\n    <div class=\"custom-rich-text spacing-top-2 spacing-bottom-2 global-container\">\r\n        <p><strong>\u010clanak 1\u00a0<\/strong><\/p>\n<p><span data-contrast=\"auto\">Vetropack Stra\u017ea d.d., Hum na Sutli 203, 49231 Hum na Sutli, OIB 74210066591,<\/span> <span data-contrast=\"auto\">organizira nagradnu igru \u201eKviz o recikliranju u Koprivnici\u201d na slu\u017ebenoj Facebook stranici Friends of Glass.<\/span><span data-ccp-props=\"{}\">\u00a0<\/span><\/p>\n<p><span data-ccp-props=\"{}\">\u00a0<\/span><\/p>\n<p><strong>\u010clanak 2\u00a0<\/strong><\/p>\n<p><span data-contrast=\"auto\">Svrha nagradnoe igre \u201eKviz o recikliranju u Koprivnici\u201d je nagra\u0111ivanje 30 korisnika Facebooka koji ispunjavaju sljede\u0107e uvjete:<\/span><span data-ccp-props=\"{&quot;335559739&quot;:0}\">\u00a0<\/span><\/p>\n<ul>\n<li><span data-contrast=\"auto\"> imaju prebivali\u0161te ili boravi\u0161te na podru\u010dju grada Koprivnice,<\/span><\/li>\n<li><span data-contrast=\"auto\"> ispunili su i poslali anketu \u201eKviz o recikliranju u Koprivnici\u201d putem Google Forms, objavljenu na Facebook stranici Friends of Glass.<\/span><\/li>\n<\/ul>\n<p><span data-ccp-props=\"{}\">\u00a0<\/span><\/p>\n<p><strong>\u010clanak 3\u00a0<\/strong><\/p>\n<p><span class=\"TextRun SCXW28648588 BCX0\" lang=\"PT-PT\" xml:lang=\"PT-PT\" data-contrast=\"auto\"><span class=\"NormalTextRun SpellingErrorV2Themed SCXW28648588 BCX0\">Nagradn<\/span><span class=\"NormalTextRun SpellingErrorV2Themed SCXW28648588 BCX0\">a<\/span> <span class=\"NormalTextRun SpellingErrorV2Themed SCXW28648588 BCX0\">igra<\/span> <span class=\"NormalTextRun SpellingErrorV2Themed SCXW28648588 BCX0\">nosi<\/span> <span class=\"NormalTextRun SpellingErrorV2Themed SCXW28648588 BCX0\">naziv<\/span><span class=\"NormalTextRun SCXW28648588 BCX0\"> \u201e<\/span> <span class=\"NormalTextRun SpellingErrorV2Themed SCXW28648588 BCX0\">Kviz<\/span><span class=\"NormalTextRun SCXW28648588 BCX0\"> o <\/span><span class=\"NormalTextRun SpellingErrorV2Themed SCXW28648588 BCX0\">recikliranju<\/span><span class=\"NormalTextRun SCXW28648588 BCX0\"> u <\/span><span class=\"NormalTextRun SpellingErrorV2Themed SCXW28648588 BCX0\">Koprivnici<\/span><span class=\"NormalTextRun SCXW28648588 BCX0\">\u201d i <\/span><span class=\"NormalTextRun SpellingErrorV2Themed SCXW28648588 BCX0\">odr\u017eava<\/span><span class=\"NormalTextRun SCXW28648588 BCX0\"> se <\/span><span class=\"NormalTextRun SpellingErrorV2Themed SCXW28648588 BCX0\">od<\/span> <span class=\"NormalTextRun SCXW28648588 BCX0\">4. 6. 2025. do 18. 6. 2025<\/span><span class=\"NormalTextRun SCXW28648588 BCX0\">.<\/span><span class=\"NormalTextRun SCXW28648588 BCX0\"> g<\/span><span class=\"NormalTextRun SpellingErrorV2Themed SCXW28648588 BCX0\">odine,<\/span><span class=\"NormalTextRun SCXW28648588 BCX0\"> do 23:59 sati. <\/span><span class=\"NormalTextRun SCXW28648588 BCX0\">O<\/span><span class=\"NormalTextRun SpellingErrorV2Themed SCXW28648588 BCX0\">dr\u017eava <\/span><span class=\"NormalTextRun SCXW28648588 BCX0\">se <\/span><span class=\"NormalTextRun SCXW28648588 BCX0\">na Facebook p<\/span><span class=\"NormalTextRun SpellingErrorV2Themed SCXW28648588 BCX0\">rofilu <\/span><span class=\"NormalTextRun SCXW28648588 BCX0\">F<\/span><span class=\"NormalTextRun SpellingErrorV2Themed SCXW28648588 BCX0\">riends <\/span><span class=\"NormalTextRun SCXW28648588 BCX0\">o<\/span><span class=\"NormalTextRun SpellingErrorV2Themed SCXW28648588 BCX0\">f <\/span><span class=\"NormalTextRun SCXW28648588 BCX0\">G<\/span><span class=\"NormalTextRun SpellingErrorV2Themed SCXW28648588 BCX0\">lass,<\/span><span class=\"NormalTextRun SCXW28648588 BCX0\"> d<\/span><span class=\"NormalTextRun SpellingErrorV2Themed SCXW28648588 BCX0\">ostupnom <\/span><span class=\"NormalTextRun SCXW28648588 BCX0\">na URL-u https:\/\/www.facebook.com\/friendsofglass\/<\/span><\/span><span class=\"EOP SCXW28648588 BCX0\" data-ccp-props=\"{}\">\u00a0<\/span><\/p>\n<p>&nbsp;<\/p>\n<p><strong>\u010clanak 4\u00a0<\/strong><\/p>\n<p><span data-contrast=\"auto\">UVJETI ZA SUDJELOVANJE U NAGRADNOJ IGRI:<\/span><span data-ccp-props=\"{}\">\u00a0<\/span><\/p>\n<p><span data-contrast=\"auto\">Pravo sudjelovanja u nagradnoj igri imaju sve fizi\u010dke osobe starije od 16 godina koje su registrirane na dru\u0161tvenoj mre\u017ei Facebook (www.facebook.com) i koje prihva\u0107aju uvjete i pravila sudjelovanja u nagradnoj igri, kao i pravila same Facebook mre\u017ee. Sudionici ne snose nikakve naknade za sudjelovanje. Zaposlenici organizatora i \u010dlanovi njihovih u\u017eih obitelji (roditelji, supru\u017enik, djeca, sestre i bra\u0107a) nemaju pravo sudjelovanja. Nagradna igra odr\u017eava se na dru\u0161tvenoj mre\u017ei Facebook, ali nije povezana s Facebookom te Facebook nije njezin pokrovitelj.<\/span><span data-ccp-props=\"{}\">\u00a0<\/span><\/p>\n<p><span data-ccp-props=\"{}\">\u00a0<\/span><\/p>\n<p><strong>\u010clanak 5\u00a0<\/strong><\/p>\n<p><span data-contrast=\"auto\">NA\u010cIN SUDJELOVANJA U NAGRADNOJ IGRI:<\/span><span data-ccp-props=\"{}\">\u00a0<\/span><\/p>\n<p><span data-contrast=\"auto\">Za sudjelovanje u nagradnoj igri potrebno je ispuniti i poslati anketu \u201eKviz o recikliranju u Koprivnici\u201d objavljenu na Friends of Glass u vremenskom periodu trajanja nagradne igre od 9. 6. 2025. do 23. 6. 2025.godine, do 23:59 sati. Sudjelovanjem u nagradnoj igri sudionici prihva\u0107aju uvjete sudjelovanja.<\/span><span data-ccp-props=\"{}\">\u00a0<\/span><\/p>\n<p>&nbsp;<\/p>\n<p><strong>\u010clanak 6\u00a0<\/strong><\/p>\n<p><span data-contrast=\"auto\">FOND NAGRADA NAGRADNE IGRE:<\/span><span data-ccp-props=\"{&quot;335559739&quot;:0}\">\u00a0<\/span><\/p>\n<p><span data-ccp-props=\"{&quot;335559739&quot;:0}\">\u00a0<\/span><\/p>\n<p><span data-contrast=\"auto\">Nagradni fond sastoji se od 30 jednakih nagrada \u2013 poklon-paketa koji sadr\u017ei:<\/span><span data-ccp-props=\"{&quot;335559739&quot;:0}\">\u00a0<\/span><\/p>\n<p><span data-contrast=\"auto\">&#8211; platnenu torbu (5,85 EUR + PDV)<\/span><span data-ccp-props=\"{&quot;335559739&quot;:0}\">\u00a0<\/span><\/p>\n<p><span data-contrast=\"auto\">&#8211; staklenu bocu za vodu (3,73 EUR + PDV)<\/span><span data-ccp-props=\"{&quot;335559739&quot;:0}\">\u00a0<\/span><\/p>\n<p><span data-contrast=\"auto\">&#8211; ru\u010dnik za pla\u017eu (7,47 EUR + PDV)<\/span><span data-ccp-props=\"{&quot;335559739&quot;:0}\">\u00a0<\/span><\/p>\n<p><span data-contrast=\"auto\">&#8211; stakleni spremnik za hranu (7,54 EUR + PDV)<\/span><span data-ccp-props=\"{&quot;335559739&quot;:0}\">\u00a0<\/span><\/p>\n<p><span data-contrast=\"auto\">Ukupna vrijednost nagradnog fonda iznosi 737,70 EUR + PDV.<\/span><span data-ccp-props=\"{}\">\u00a0<\/span><\/p>\n<p><span data-contrast=\"auto\">Nagrada nije zamjenjiva za druge proizvode, darovne kartice ili nov\u010danu protuvrijednost i nije prenosiva na druge osobe. Dobitnik ne mo\u017ee birati proizvode. Organizator nije odgovoran za promjene u izgledu proizvoda prikazanih na Facebooku.<\/span><span data-ccp-props=\"{}\">\u00a0<\/span><\/p>\n<p><span data-ccp-props=\"{}\">\u00a0<\/span><\/p>\n<p><strong>\u010clanak 7\u00a0<\/strong><\/p>\n<p><span data-contrast=\"auto\">ODABIR DOBITNIKA:<\/span><span data-ccp-props=\"{}\">\u00a0<\/span><\/p>\n<p><span data-contrast=\"auto\">Nagradna igra traje od 4. <\/span><span data-contrast=\"auto\">6. 2025. do 18. 6. 2025. godine, do 23:59 sati. Tijekom tog razdoblja sudionici trebaju ispuniti anketu u obliku Google Forms, putem poveznice objavljene na Facebook stranici Friends of Glass.<\/span><span data-ccp-props=\"{}\">\u00a0<\/span><\/p>\n<p><span data-contrast=\"auto\">Ako se prijavi manji broj sudionika od broja predvi\u0111enih nagrada, organizator ima pravo dodijeliti manji broj nagrada. Sudjelovanjem u nagradnoj igri sudionici prihva\u0107aju uvjete ovog pravilnika.<\/span><span data-ccp-props=\"{}\">\u00a0<\/span><\/p>\n<p><span data-ccp-props=\"{}\">\u00a0<\/span><\/p>\n<p><strong>\u010clanak 8\u00a0<\/strong><\/p>\n<p><span data-contrast=\"auto\">OBJAVA DOBITNIKA:<\/span><span data-ccp-props=\"{}\">\u00a0<\/span><\/p>\n<p><span data-contrast=\"auto\">Dobitnici nagradne igre bit \u0107e izvu\u010deni 24. lipnja 2025. na lokaciji organizatora nagradne igre Vetropack Stra\u017ee u Humu na Sutli 203 putem online alata za nasumi\u010dan odabir pobjednika. Imena dobitnika bit \u0107e objavljena najkasnije 25. lipnja 2025. godine u sklopu objave na Facebook profilu Friends of Glass. Provjerit \u0107e se jesu li ispunjeni uvjeti iz \u010clanka 4.<\/span><span data-ccp-props=\"{}\">\u00a0<\/span><\/p>\n<p><span data-contrast=\"auto\">Sudjelovanjem u nagradnoj igri sudionici su suglasni s objavom svojih imena i prezimena od strane organizatora na slu\u017ebenoj Facebook stranici i kori\u0161tenju u tiskanom, zvu\u010dnom, slikovnom i videomaterijalu bez naknade.<\/span><span data-ccp-props=\"{}\">\u00a0<\/span><\/p>\n<p><span data-ccp-props=\"{}\">\u00a0<\/span><\/p>\n<p><strong>\u010clanak 9\u00a0<\/strong><\/p>\n<p><span data-contrast=\"auto\">PREUZIMANJE NAGRADE:<\/span><span data-ccp-props=\"{}\">\u00a0<\/span><\/p>\n<p><span data-contrast=\"auto\">Dobitnici \u0107e biti obavije\u0161teni o dobitku putem el. po\u0161te. Nagrade \u0107e biti poslane dobitnicima na adresu unutar 30 dana od obavijesti.<\/span><span data-ccp-props=\"{}\">\u00a0<\/span><\/p>\n<p><span data-contrast=\"auto\">Rok za dostavu mo\u017ee se produ\u017eiti samo ako dobitnik ne mo\u017ee preuzeti nagradu zbog objektivnih razloga ili ako se ne javi na vrijeme, ili ako je dostava ote\u017eana zbog vi\u0161e sile. Kao dokaz o preuzimanju nagrade smatrat \u0107e se povratna po\u0161tanska potvrda.<\/span><span data-ccp-props=\"{}\">\u00a0<\/span><\/p>\n<p><span data-contrast=\"auto\">Dobitnici ne snose nikakve poreze, obveze ni naknade vezane uz nagradu. Tro\u0161ak dostave snosi organizator.<\/span><span data-ccp-props=\"{}\">\u00a0<\/span><\/p>\n<p><span data-ccp-props=\"{}\">\u00a0<\/span><\/p>\n<p><strong>\u010clanak 10\u00a0<\/strong><\/p>\n<p><span data-contrast=\"auto\">U slu\u010daju spora izme\u0111u organizatora i sudionika, nadle\u017ean je Sud u Zagrebu.<\/span><span data-ccp-props=\"{}\">\u00a0<\/span><\/p>\n<p><span data-ccp-props=\"{}\">\u00a0<\/span><\/p>\n<p><strong>\u010clanak 11\u00a0<\/strong><\/p>\n<p><span data-contrast=\"auto\">Nagradna igra mo\u017ee biti prekinuta u slu\u010daju okolnosti za koje organizator nije odgovoran, odnosno koje nisu mogli sprije\u010diti, ukloniti ili izbje\u0107i. <\/span><span data-contrast=\"auto\">Sudionici \u0107e biti obavije\u0161teni putem Facebook profila Friends of Glass. <\/span><span data-contrast=\"auto\">Pravila nagradne igre bit \u0107e objavljena na slu\u017ebenoj web stranici https:\/\/friendsofglass.com\/hr\/.<\/span><span data-ccp-props=\"{}\">\u00a0<\/span><\/p>\n<p><span data-ccp-props=\"{}\">\u00a0<\/span><\/p>\n<p><strong>\u010clanak 12\u00a0<\/strong><\/p>\n<p><span data-contrast=\"auto\">IZVANREDNE OKOLNOSTI:<\/span><span data-ccp-props=\"{&quot;335559739&quot;:0}\">\u00a0<\/span><\/p>\n<p><span data-contrast=\"auto\">Organizator zadr\u017eava pravo ne dodijeliti nagradu u sljede\u0107im slu\u010dajevima:<\/span><span data-ccp-props=\"{&quot;335559739&quot;:0}\">\u00a0<\/span><\/p>\n<ul>\n<li><span data-contrast=\"auto\"> ako dobitnik ne ispuni uvjete za preuzimanje nagrade.<\/span><\/li>\n<li><span data-contrast=\"auto\"> ako se pojavi sumnja u vjerodostojnost podataka (la\u017eni profil).<\/span><\/li>\n<li><span data-contrast=\"auto\"> ako se utvrdi da se korisnik nije pridr\u017eavao pravila nagradnog natje\u010daja.<\/span><\/li>\n<\/ul>\n<p><span data-ccp-props=\"{}\">\u00a0<\/span><\/p>\n<p><strong>\u010clanak 13\u00a0<\/strong><\/p>\n<p><span data-contrast=\"auto\">ZA\u0160TITA OSOBNIH PODATAKA:<\/span><span data-ccp-props=\"{}\">\u00a0<\/span><\/p>\n<p><span data-contrast=\"auto\">Sudjelovanjem u nagradnoj igri sudionici pristaju da organizator prikuplja i obra\u0111uje osobne podatke (ime i prezime, adresa, e-mail) isklju\u010divo u svrhu organizacije nagradne igre, odabira i kontaktiranja dobitnika i dostave nagrada. Odgovori na anketu koji se odnose na navike recikliranja koristit \u0107e se isklju\u010divo za istra\u017eiva\u010dke svrhe, kako bi se bolje razumjela percepcija recikliranja me\u0111u gra\u0111anima Koprivnice. <\/span><span data-contrast=\"auto\">Svi podaci bit \u0107e analizirani anonimno i ne\u0107e biti povezani s identitetima pojedinih ispitanika.<\/span><span data-ccp-props=\"{}\">\u00a0<\/span><\/p>\n<p><span data-contrast=\"auto\">Osobni podaci bit \u0107e obra\u0111eni u skladu s va\u017ee\u0107im zakonodavstvom o za\u0161titi podataka, uklju\u010duju\u0107i Op\u0107u uredbu o za\u0161titi podataka (GDPR).<\/span><span data-ccp-props=\"{}\">\u00a0<\/span><\/p>\n<p><span data-ccp-props=\"{}\">\u00a0<\/span><\/p>\n<p><strong>\u010clanak 14\u00a0<\/strong><\/p>\n<p><span data-contrast=\"auto\">KONTAKT<\/span><span data-ccp-props=\"{}\">\u00a0<\/span><\/p>\n<p><span data-contrast=\"auto\">Za sva pitanja ili upite vezane uz ovaj natje\u010daj, sudionici se mogu obratiti organizatoru putem el. po\u0161te maja.starcek@vetropack.com.<\/span><span data-ccp-props=\"{}\">\u00a0<\/span><\/p>\n\r\n            <\/div>\r\n<\/div>\n\n\n<p><\/p>\n","protected":false},"excerpt":{"rendered":"","protected":false},"author":13,"featured_media":0,"parent":0,"menu_order":0,"comment_status":"closed","ping_status":"closed","template":"","meta":{"_acf_changed":true,"inline_featured_image":false,"footnotes":""},"class_list":["post-583","page","type-page","status-publish","hentry"],"acf":[],"yoast_head":"<!-- This site is optimized with the Yoast SEO plugin v26.3 - https:\/\/yoast.com\/wordpress\/plugins\/seo\/ -->\n<title>Pravila nagradne igre \u201cKviz o recikliranju u Koprivnici\u201d\u00a0\u00a0 - Friends of Glass HR<\/title>\n<meta name=\"robots\" content=\"index, follow, max-snippet:-1, max-image-preview:large, max-video-preview:-1\" \/>\n<link rel=\"canonical\" href=\"https:\/\/friendsofglass.com\/hr\/pravila-nagradne-igre-kviz-o-recikliranju-u-koprivnici\/\" \/>\n<meta property=\"og:locale\" content=\"en_US\" \/>\n<meta property=\"og:type\" content=\"article\" \/>\n<meta property=\"og:title\" content=\"Pravila nagradne igre \u201cKviz o recikliranju u Koprivnici\u201d\u00a0\u00a0 - Friends of Glass HR\" \/>\n<meta property=\"og:url\" content=\"https:\/\/friendsofglass.com\/hr\/pravila-nagradne-igre-kviz-o-recikliranju-u-koprivnici\/\" \/>\n<meta property=\"og:site_name\" content=\"Friends of Glass HR\" \/>\n<meta property=\"article:modified_time\" content=\"2025-11-24T15:41:13+00:00\" \/>\n<meta name=\"twitter:card\" content=\"summary_large_image\" \/>\n<script type=\"application\/ld+json\" class=\"yoast-schema-graph\">{\"@context\":\"https:\/\/schema.org\",\"@graph\":[{\"@type\":\"WebPage\",\"@id\":\"https:\/\/friendsofglass.com\/hr\/pravila-nagradne-igre-kviz-o-recikliranju-u-koprivnici\/\",\"url\":\"https:\/\/friendsofglass.com\/hr\/pravila-nagradne-igre-kviz-o-recikliranju-u-koprivnici\/\",\"name\":\"Pravila nagradne igre \u201cKviz o recikliranju u Koprivnici\u201d\u00a0\u00a0 - Friends of Glass HR\",\"isPartOf\":{\"@id\":\"https:\/\/friendsofglass.com\/hr\/#website\"},\"datePublished\":\"2025-06-21T15:50:49+00:00\",\"dateModified\":\"2025-11-24T15:41:13+00:00\",\"breadcrumb\":{\"@id\":\"https:\/\/friendsofglass.com\/hr\/pravila-nagradne-igre-kviz-o-recikliranju-u-koprivnici\/#breadcrumb\"},\"inLanguage\":\"en-US\",\"potentialAction\":[{\"@type\":\"ReadAction\",\"target\":[\"https:\/\/friendsofglass.com\/hr\/pravila-nagradne-igre-kviz-o-recikliranju-u-koprivnici\/\"]}]},{\"@type\":\"BreadcrumbList\",\"@id\":\"https:\/\/friendsofglass.com\/hr\/pravila-nagradne-igre-kviz-o-recikliranju-u-koprivnici\/#breadcrumb\",\"itemListElement\":[{\"@type\":\"ListItem\",\"position\":1,\"name\":\"Home\",\"item\":\"https:\/\/friendsofglass.com\/hr\/\"},{\"@type\":\"ListItem\",\"position\":2,\"name\":\"Pravila nagradne igre \u201cKviz o recikliranju u Koprivnici\u201d\u00a0\u00a0\"}]},{\"@type\":\"WebSite\",\"@id\":\"https:\/\/friendsofglass.com\/hr\/#website\",\"url\":\"https:\/\/friendsofglass.com\/hr\/\",\"name\":\"Friends of Glass HR\",\"description\":\"\",\"publisher\":{\"@id\":\"https:\/\/friendsofglass.com\/hr\/#organization\"},\"potentialAction\":[{\"@type\":\"SearchAction\",\"target\":{\"@type\":\"EntryPoint\",\"urlTemplate\":\"https:\/\/friendsofglass.com\/hr\/?s={search_term_string}\"},\"query-input\":{\"@type\":\"PropertyValueSpecification\",\"valueRequired\":true,\"valueName\":\"search_term_string\"}}],\"inLanguage\":\"en-US\"},{\"@type\":\"Organization\",\"@id\":\"https:\/\/friendsofglass.com\/hr\/#organization\",\"name\":\"Friends of Glass HR\",\"url\":\"https:\/\/friendsofglass.com\/hr\/\",\"logo\":{\"@type\":\"ImageObject\",\"inLanguage\":\"en-US\",\"@id\":\"https:\/\/friendsofglass.com\/hr\/#\/schema\/logo\/image\/\",\"url\":\"https:\/\/friendsofglass.com\/hr\/wp-content\/uploads\/sites\/12\/2024\/03\/FoG_site_logo.png\",\"contentUrl\":\"https:\/\/friendsofglass.com\/hr\/wp-content\/uploads\/sites\/12\/2024\/03\/FoG_site_logo.png\",\"width\":458,\"height\":227,\"caption\":\"Friends of Glass HR\"},\"image\":{\"@id\":\"https:\/\/friendsofglass.com\/hr\/#\/schema\/logo\/image\/\"}}]}<\/script>\n<!-- \/ Yoast SEO plugin. -->","yoast_head_json":{"title":"Pravila nagradne igre \u201cKviz o recikliranju u Koprivnici\u201d\u00a0\u00a0 - Friends of Glass HR","robots":{"index":"index","follow":"follow","max-snippet":"max-snippet:-1","max-image-preview":"max-image-preview:large","max-video-preview":"max-video-preview:-1"},"canonical":"https:\/\/friendsofglass.com\/hr\/pravila-nagradne-igre-kviz-o-recikliranju-u-koprivnici\/","og_locale":"en_US","og_type":"article","og_title":"Pravila nagradne igre \u201cKviz o recikliranju u Koprivnici\u201d\u00a0\u00a0 - Friends of Glass HR","og_url":"https:\/\/friendsofglass.com\/hr\/pravila-nagradne-igre-kviz-o-recikliranju-u-koprivnici\/","og_site_name":"Friends of Glass HR","article_modified_time":"2025-11-24T15:41:13+00:00","twitter_card":"summary_large_image","schema":{"@context":"https:\/\/schema.org","@graph":[{"@type":"WebPage","@id":"https:\/\/friendsofglass.com\/hr\/pravila-nagradne-igre-kviz-o-recikliranju-u-koprivnici\/","url":"https:\/\/friendsofglass.com\/hr\/pravila-nagradne-igre-kviz-o-recikliranju-u-koprivnici\/","name":"Pravila nagradne igre \u201cKviz o recikliranju u Koprivnici\u201d\u00a0\u00a0 - Friends of Glass HR","isPartOf":{"@id":"https:\/\/friendsofglass.com\/hr\/#website"},"datePublished":"2025-06-21T15:50:49+00:00","dateModified":"2025-11-24T15:41:13+00:00","breadcrumb":{"@id":"https:\/\/friendsofglass.com\/hr\/pravila-nagradne-igre-kviz-o-recikliranju-u-koprivnici\/#breadcrumb"},"inLanguage":"en-US","potentialAction":[{"@type":"ReadAction","target":["https:\/\/friendsofglass.com\/hr\/pravila-nagradne-igre-kviz-o-recikliranju-u-koprivnici\/"]}]},{"@type":"BreadcrumbList","@id":"https:\/\/friendsofglass.com\/hr\/pravila-nagradne-igre-kviz-o-recikliranju-u-koprivnici\/#breadcrumb","itemListElement":[{"@type":"ListItem","position":1,"name":"Home","item":"https:\/\/friendsofglass.com\/hr\/"},{"@type":"ListItem","position":2,"name":"Pravila nagradne igre \u201cKviz o recikliranju u Koprivnici\u201d\u00a0\u00a0"}]},{"@type":"WebSite","@id":"https:\/\/friendsofglass.com\/hr\/#website","url":"https:\/\/friendsofglass.com\/hr\/","name":"Friends of Glass HR","description":"","publisher":{"@id":"https:\/\/friendsofglass.com\/hr\/#organization"},"potentialAction":[{"@type":"SearchAction","target":{"@type":"EntryPoint","urlTemplate":"https:\/\/friendsofglass.com\/hr\/?s={search_term_string}"},"query-input":{"@type":"PropertyValueSpecification","valueRequired":true,"valueName":"search_term_string"}}],"inLanguage":"en-US"},{"@type":"Organization","@id":"https:\/\/friendsofglass.com\/hr\/#organization","name":"Friends of Glass HR","url":"https:\/\/friendsofglass.com\/hr\/","logo":{"@type":"ImageObject","inLanguage":"en-US","@id":"https:\/\/friendsofglass.com\/hr\/#\/schema\/logo\/image\/","url":"https:\/\/friendsofglass.com\/hr\/wp-content\/uploads\/sites\/12\/2024\/03\/FoG_site_logo.png","contentUrl":"https:\/\/friendsofglass.com\/hr\/wp-content\/uploads\/sites\/12\/2024\/03\/FoG_site_logo.png","width":458,"height":227,"caption":"Friends of Glass HR"},"image":{"@id":"https:\/\/friendsofglass.com\/hr\/#\/schema\/logo\/image\/"}}]}},"_links":{"self":[{"href":"https:\/\/friendsofglass.com\/hr\/wp-json\/wp\/v2\/pages\/583","targetHints":{"allow":["GET"]}}],"collection":[{"href":"https:\/\/friendsofglass.com\/hr\/wp-json\/wp\/v2\/pages"}],"about":[{"href":"https:\/\/friendsofglass.com\/hr\/wp-json\/wp\/v2\/types\/page"}],"author":[{"embeddable":true,"href":"https:\/\/friendsofglass.com\/hr\/wp-json\/wp\/v2\/users\/13"}],"replies":[{"embeddable":true,"href":"https:\/\/friendsofglass.com\/hr\/wp-json\/wp\/v2\/comments?post=583"}],"version-history":[{"count":0,"href":"https:\/\/friendsofglass.com\/hr\/wp-json\/wp\/v2\/pages\/583\/revisions"}],"wp:attachment":[{"href":"https:\/\/friendsofglass.com\/hr\/wp-json\/wp\/v2\/media?parent=583"}],"curies":[{"name":"wp","href":"https:\/\/api.w.org\/{rel}","templated":true}]}}