{"id":93,"date":"2024-06-24T15:23:58","date_gmt":"2024-06-24T15:23:58","guid":{"rendered":"https:\/\/friendsofglass.com\/cr\/take-action-overview\/"},"modified":"2025-07-02T13:07:59","modified_gmt":"2025-07-02T13:07:59","slug":"ukljucite-se","status":"publish","type":"page","link":"https:\/\/friendsofglass.com\/hr\/ukljucite-se\/","title":{"rendered":"Uklju\u010dite se"},"content":{"rendered":"\r\n<div  class=\"hero-banner-swiper\">\r\n    <div class=\"swiper\">\r\n\r\n        <div class=\"swiper-wrapper\">\r\n                                                <div class=\"slide-container swiper-slide\" >\r\n\r\n                                                    <img decoding=\"async\" src=\"https:\/\/friendsofglass.com\/hr\/wp-content\/uploads\/sites\/12\/2024\/07\/take-action-glass-packaging-2.png\" style=\"object-position: 50% 50%\" class=\"media\" \/>\r\n                        \r\n\r\n                        <div class=\"slide-content\">\r\n                             <div class=\"global-container-wide\">\r\n                                <p class=\"section-tag\">Uklju\u010dite se<\/p>\r\n                                                                    <h1 class=\"section-title-hero\">Od na\u010dina na koji \u017eivimo kod ku\u0107e do odnosa prema planetu, na\u0161e svakodnevne odluke mogu biti polazna to\u010dka za odr\u017eiviju budu\u0107nost.\u202f<\/h1>\r\n                                                                <div class=\"slide-buttons\">\r\n                                                                          \r\n                                <\/div>\r\n                            <\/div>\r\n                        <\/div>\r\n                    <\/div>\r\n                                    <\/div>\r\n\r\n                            \r\n        <div class=\"swiper-pagination fix-time\"><\/div>\r\n\r\n    <\/div>\r\n<\/div>\r\n\r\n\r\n\r\n\n\n \r\n <div  class=\"custom-cards-block background-white\" >\r\n     <div class=\"custom-cards spacing-top-2 spacing-bottom-2 global-container-wide\" >\r\n        <h2 class=\"section-title\"><\/h2>\r\n        <p class=\"section-description\"><\/p>\r\n        <div class=\"swiper\">\r\n            <div class=\"swiper-wrapper cards-top\">\r\n                            <div class=\"swiper-slide\" >\r\n                    <div class=\"carousel-card\" >\r\n                                                    <div class=\"carousel-card-img\"><img loading=\"lazy\" decoding=\"async\" width=\"400\" height=\"400\" src=\"https:\/\/friendsofglass.com\/hr\/wp-content\/uploads\/sites\/12\/2024\/07\/take-action-choose-glass-1.png\" class=\"attachment-full size-full\" alt=\"take-action-choose-glass-1\" srcset=\"https:\/\/friendsofglass.com\/hr\/wp-content\/uploads\/sites\/12\/2024\/07\/take-action-choose-glass-1.png 400w, https:\/\/friendsofglass.com\/hr\/wp-content\/uploads\/sites\/12\/2024\/07\/take-action-choose-glass-1-300x300.png 300w, https:\/\/friendsofglass.com\/hr\/wp-content\/uploads\/sites\/12\/2024\/07\/take-action-choose-glass-1-150x150.png 150w\" sizes=\"auto, (max-width: 400px) 100vw, 400px\" \/><\/div>\r\n                        \r\n                                                    \r\n                             <div class=\"title-container\" >\r\n                                                                <h3 class=\"card-title\" style=\"color: var(--wp--preset--color--black);\" >Odaberite staklo<\/h3>\r\n                            <\/div>\r\n                        \r\n                                                      <p class=\"card-description\">Svevremensko, omiljeno generacijama potro\u0161a\u010da i brendova.<\/p>\r\n                        \r\n                                                    <a class=\"card-link\" href=\"\/hr\/ukljucite-se\/odaberi-staklo\/\"    >Saznajte za\u0161to\u202f<svg width=\"24\" height=\"24\" viewBox=\"0 0 24 24\" fill=\"none\" xmlns=\"http:\/\/www.w3.org\/2000\/svg\">\n    <path d=\"M15.586 10.6569L11.636 6.70692C11.4538 6.51832 11.353 6.26571 11.3553 6.00352C11.3576 5.74132 11.4628 5.49051 11.6482 5.3051C11.8336 5.11969 12.0844 5.01452 12.3466 5.01224C12.6088 5.00997 12.8614 5.11076 13.05 5.29292L18.707 10.9499C18.8002 11.0426 18.8741 11.1527 18.9246 11.2741C18.9751 11.3954 19.001 11.5255 19.001 11.6569C19.001 11.7883 18.9751 11.9184 18.9246 12.0398C18.8741 12.1611 18.8002 12.2713 18.707 12.3639L13.05 18.0209C12.9578 18.1164 12.8474 18.1926 12.7254 18.245C12.6034 18.2974 12.4722 18.325 12.3394 18.3262C12.2066 18.3273 12.0749 18.302 11.952 18.2517C11.8291 18.2015 11.7175 18.1272 11.6236 18.0333C11.5297 17.9394 11.4555 17.8278 11.4052 17.7049C11.3549 17.582 11.3296 17.4503 11.3307 17.3175C11.3319 17.1847 11.3595 17.0535 11.4119 16.9315C11.4643 16.8095 11.5405 16.6992 11.636 16.6069L15.586 12.6569H6C5.73478 12.6569 5.48043 12.5516 5.29289 12.364C5.10536 12.1765 5 11.9221 5 11.6569C5 11.3917 5.10536 11.1373 5.29289 10.9498C5.48043 10.7623 5.73478 10.6569 6 10.6569H15.586Z\" fill=\"#001822\"\/>\n<\/svg><\/a>\r\n                                            <\/div>\r\n                <\/div>\r\n                            <div class=\"swiper-slide\" >\r\n                    <div class=\"carousel-card\" >\r\n                                                    <div class=\"carousel-card-img\"><img loading=\"lazy\" decoding=\"async\" width=\"400\" height=\"400\" src=\"https:\/\/friendsofglass.com\/hr\/wp-content\/uploads\/sites\/12\/2024\/07\/take-action-recycle-glass-1.png\" class=\"attachment-full size-full\" alt=\"take-action-recycle-glass-1\" srcset=\"https:\/\/friendsofglass.com\/hr\/wp-content\/uploads\/sites\/12\/2024\/07\/take-action-recycle-glass-1.png 400w, https:\/\/friendsofglass.com\/hr\/wp-content\/uploads\/sites\/12\/2024\/07\/take-action-recycle-glass-1-300x300.png 300w, https:\/\/friendsofglass.com\/hr\/wp-content\/uploads\/sites\/12\/2024\/07\/take-action-recycle-glass-1-150x150.png 150w\" sizes=\"auto, (max-width: 400px) 100vw, 400px\" \/><\/div>\r\n                        \r\n                                                    \r\n                             <div class=\"title-container\" >\r\n                                                                <h3 class=\"card-title\" style=\"color: var(--wp--preset--color--green);\" >Reciklirajte staklo<\/h3>\r\n                            <\/div>\r\n                        \r\n                                                      <p class=\"card-description\">U Europi se reciklira osam od deset prikupljenih boca \u2013 i vra\u0107aju se na police trgovina ve\u0107 za mjesec dana.<\/p>\r\n                        \r\n                                                    <a class=\"card-link\" href=\"\/hr\/ukljucite-se\/reciklirajte-staklo\/\"    >Saznajte kako<svg width=\"24\" height=\"24\" viewBox=\"0 0 24 24\" fill=\"none\" xmlns=\"http:\/\/www.w3.org\/2000\/svg\">\n    <path d=\"M15.586 10.6569L11.636 6.70692C11.4538 6.51832 11.353 6.26571 11.3553 6.00352C11.3576 5.74132 11.4628 5.49051 11.6482 5.3051C11.8336 5.11969 12.0844 5.01452 12.3466 5.01224C12.6088 5.00997 12.8614 5.11076 13.05 5.29292L18.707 10.9499C18.8002 11.0426 18.8741 11.1527 18.9246 11.2741C18.9751 11.3954 19.001 11.5255 19.001 11.6569C19.001 11.7883 18.9751 11.9184 18.9246 12.0398C18.8741 12.1611 18.8002 12.2713 18.707 12.3639L13.05 18.0209C12.9578 18.1164 12.8474 18.1926 12.7254 18.245C12.6034 18.2974 12.4722 18.325 12.3394 18.3262C12.2066 18.3273 12.0749 18.302 11.952 18.2517C11.8291 18.2015 11.7175 18.1272 11.6236 18.0333C11.5297 17.9394 11.4555 17.8278 11.4052 17.7049C11.3549 17.582 11.3296 17.4503 11.3307 17.3175C11.3319 17.1847 11.3595 17.0535 11.4119 16.9315C11.4643 16.8095 11.5405 16.6992 11.636 16.6069L15.586 12.6569H6C5.73478 12.6569 5.48043 12.5516 5.29289 12.364C5.10536 12.1765 5 11.9221 5 11.6569C5 11.3917 5.10536 11.1373 5.29289 10.9498C5.48043 10.7623 5.73478 10.6569 6 10.6569H15.586Z\" fill=\"#001822\"\/>\n<\/svg><\/a>\r\n                                            <\/div>\r\n                <\/div>\r\n                            <div class=\"swiper-slide\" >\r\n                    <div class=\"carousel-card\" >\r\n                                                    <div class=\"carousel-card-img\"><img loading=\"lazy\" decoding=\"async\" width=\"400\" height=\"400\" src=\"https:\/\/friendsofglass.com\/hr\/wp-content\/uploads\/sites\/12\/2024\/07\/take-action-reuse-glass-1.png\" class=\"attachment-full size-full\" alt=\"take-action-reuse-glass-1\" srcset=\"https:\/\/friendsofglass.com\/hr\/wp-content\/uploads\/sites\/12\/2024\/07\/take-action-reuse-glass-1.png 400w, https:\/\/friendsofglass.com\/hr\/wp-content\/uploads\/sites\/12\/2024\/07\/take-action-reuse-glass-1-300x300.png 300w, https:\/\/friendsofglass.com\/hr\/wp-content\/uploads\/sites\/12\/2024\/07\/take-action-reuse-glass-1-150x150.png 150w\" sizes=\"auto, (max-width: 400px) 100vw, 400px\" \/><\/div>\r\n                        \r\n                                                    \r\n                             <div class=\"title-container\" >\r\n                                                                <h3 class=\"card-title\" style=\"color: var(--wp--preset--color--ice);\" >Ponovno upotrijebite staklo\u202f<\/h3>\r\n                            <\/div>\r\n                        \r\n                                                      <p class=\"card-description\">Od \u201curadi sam\u201d ideja i elegantnih rje\u0161enja za pohranu, pa sve do \u010duvanja svje\u017eeg mlijeka, mogu\u0107nosti za ponovnu upotrebu praznih staklenih spremnika beskona\u010dne su.\u202f<\/p>\r\n                        \r\n                                                    <a class=\"card-link\" href=\"\/hr\/ukljucite-se\/ponovno-upotrijebite-staklo\/\"    >Inspirirajte se\u202f<svg width=\"24\" height=\"24\" viewBox=\"0 0 24 24\" fill=\"none\" xmlns=\"http:\/\/www.w3.org\/2000\/svg\">\n    <path d=\"M15.586 10.6569L11.636 6.70692C11.4538 6.51832 11.353 6.26571 11.3553 6.00352C11.3576 5.74132 11.4628 5.49051 11.6482 5.3051C11.8336 5.11969 12.0844 5.01452 12.3466 5.01224C12.6088 5.00997 12.8614 5.11076 13.05 5.29292L18.707 10.9499C18.8002 11.0426 18.8741 11.1527 18.9246 11.2741C18.9751 11.3954 19.001 11.5255 19.001 11.6569C19.001 11.7883 18.9751 11.9184 18.9246 12.0398C18.8741 12.1611 18.8002 12.2713 18.707 12.3639L13.05 18.0209C12.9578 18.1164 12.8474 18.1926 12.7254 18.245C12.6034 18.2974 12.4722 18.325 12.3394 18.3262C12.2066 18.3273 12.0749 18.302 11.952 18.2517C11.8291 18.2015 11.7175 18.1272 11.6236 18.0333C11.5297 17.9394 11.4555 17.8278 11.4052 17.7049C11.3549 17.582 11.3296 17.4503 11.3307 17.3175C11.3319 17.1847 11.3595 17.0535 11.4119 16.9315C11.4643 16.8095 11.5405 16.6992 11.636 16.6069L15.586 12.6569H6C5.73478 12.6569 5.48043 12.5516 5.29289 12.364C5.10536 12.1765 5 11.9221 5 11.6569C5 11.3917 5.10536 11.1373 5.29289 10.9498C5.48043 10.7623 5.73478 10.6569 6 10.6569H15.586Z\" fill=\"#001822\"\/>\n<\/svg><\/a>\r\n                                            <\/div>\r\n                <\/div>\r\n                        <\/div>\r\n        <\/div>\r\n     <\/div>\r\n <\/div>\r\n\r\n\r\n\r\n\n\n \r\n <div  class=\"custom-text-and-image-block background-light-grey\" >\r\n     <div class=\"custom-text-and-image spacing-top-2 spacing-bottom-2 global-container-wide\" >\r\n         <div class=\"media-container\">\r\n            <div class=\"media square\">\r\n                <img loading=\"lazy\" decoding=\"async\" width=\"600\" height=\"600\" src=\"https:\/\/friendsofglass.com\/hr\/wp-content\/uploads\/sites\/12\/2024\/07\/friends-of-glass-celebrates-glass-awareness-glass-packaging-1.png\" class=\"attachment-full size-full\" alt=\"friends-of-glass-celebrates-glass-awareness-glass-packaging-1\" srcset=\"https:\/\/friendsofglass.com\/hr\/wp-content\/uploads\/sites\/12\/2024\/07\/friends-of-glass-celebrates-glass-awareness-glass-packaging-1.png 600w, https:\/\/friendsofglass.com\/hr\/wp-content\/uploads\/sites\/12\/2024\/07\/friends-of-glass-celebrates-glass-awareness-glass-packaging-1-300x300.png 300w, https:\/\/friendsofglass.com\/hr\/wp-content\/uploads\/sites\/12\/2024\/07\/friends-of-glass-celebrates-glass-awareness-glass-packaging-1-150x150.png 150w\" sizes=\"auto, (max-width: 600px) 100vw, 600px\" \/>            <\/div>\r\n        <\/div>\r\n        <div class=\"content\">\r\n            <h3 class=\"section-title\" >Podr\u017eite na\u0161e kampanje <\/h3>\r\n            <p class=\"section-description\" >Friends of Glass promovira staklo i podi\u017ee svijest o prednostima staklene ambala\u017ee. Otkrijte na\u0161e dosada\u0161nje kampanje. <\/p>\r\n            <div class=\"buttons\">\r\n                                 <a class=\"main-btn background-green\" href=\"https:\/\/friendsofglass.com\/hr\/ukljucite-se\/kampanje\/\"     >Poka\u017eite svoju podr\u0161ku <svg width=\"24\" height=\"24\" viewBox=\"0 0 24 24\" fill=\"none\" xmlns=\"http:\/\/www.w3.org\/2000\/svg\">\n    <path d=\"M15.586 10.6569L11.636 6.70692C11.4538 6.51832 11.353 6.26571 11.3553 6.00352C11.3576 5.74132 11.4628 5.49051 11.6482 5.3051C11.8336 5.11969 12.0844 5.01452 12.3466 5.01224C12.6088 5.00997 12.8614 5.11076 13.05 5.29292L18.707 10.9499C18.8002 11.0426 18.8741 11.1527 18.9246 11.2741C18.9751 11.3954 19.001 11.5255 19.001 11.6569C19.001 11.7883 18.9751 11.9184 18.9246 12.0398C18.8741 12.1611 18.8002 12.2713 18.707 12.3639L13.05 18.0209C12.9578 18.1164 12.8474 18.1926 12.7254 18.245C12.6034 18.2974 12.4722 18.325 12.3394 18.3262C12.2066 18.3273 12.0749 18.302 11.952 18.2517C11.8291 18.2015 11.7175 18.1272 11.6236 18.0333C11.5297 17.9394 11.4555 17.8278 11.4052 17.7049C11.3549 17.582 11.3296 17.4503 11.3307 17.3175C11.3319 17.1847 11.3595 17.0535 11.4119 16.9315C11.4643 16.8095 11.5405 16.6992 11.636 16.6069L15.586 12.6569H6C5.73478 12.6569 5.48043 12.5516 5.29289 12.364C5.10536 12.1765 5 11.9221 5 11.6569C5 11.3917 5.10536 11.1373 5.29289 10.9498C5.48043 10.7623 5.73478 10.6569 6 10.6569H15.586Z\" fill=\"#001822\"\/>\n<\/svg><\/a>\r\n                                            <\/div>\r\n\r\n        <\/div>\r\n     <\/div>\r\n <\/div>\r\n","protected":false},"excerpt":{"rendered":"","protected":false},"author":1,"featured_media":0,"parent":0,"menu_order":0,"comment_status":"closed","ping_status":"closed","template":"","meta":{"_acf_changed":true,"inline_featured_image":false,"footnotes":""},"class_list":["post-93","page","type-page","status-publish","hentry"],"acf":[],"yoast_head":"<!-- This site is optimized with the Yoast SEO plugin v26.3 - https:\/\/yoast.com\/wordpress\/plugins\/seo\/ -->\n<title>Uklju\u010dite se - Friends of Glass HR<\/title>\n<meta name=\"description\" content=\"Nau\u010dite kako \u017eivjeti osvje\u0161tenije uklju\u010divanjem stakla u svakodnevnu rutinu, od odabira staklenih spremnika do recikliranja i ponovne uporabe.\" \/>\n<meta name=\"robots\" content=\"index, follow, max-snippet:-1, max-image-preview:large, max-video-preview:-1\" \/>\n<link rel=\"canonical\" href=\"https:\/\/friendsofglass.com\/hr\/ukljucite-se\/\" \/>\n<meta property=\"og:locale\" content=\"en_US\" \/>\n<meta property=\"og:type\" content=\"article\" \/>\n<meta property=\"og:title\" content=\"Uklju\u010dite se - Friends of Glass HR\" \/>\n<meta property=\"og:description\" content=\"Nau\u010dite kako \u017eivjeti osvje\u0161tenije uklju\u010divanjem stakla u svakodnevnu rutinu, od odabira staklenih spremnika do recikliranja i ponovne uporabe.\" \/>\n<meta property=\"og:url\" content=\"https:\/\/friendsofglass.com\/hr\/ukljucite-se\/\" \/>\n<meta property=\"og:site_name\" content=\"Friends of Glass HR\" \/>\n<meta property=\"article:modified_time\" content=\"2025-07-02T13:07:59+00:00\" \/>\n<meta name=\"twitter:card\" content=\"summary_large_image\" \/>\n<script type=\"application\/ld+json\" class=\"yoast-schema-graph\">{\"@context\":\"https:\/\/schema.org\",\"@graph\":[{\"@type\":\"WebPage\",\"@id\":\"https:\/\/friendsofglass.com\/hr\/ukljucite-se\/\",\"url\":\"https:\/\/friendsofglass.com\/hr\/ukljucite-se\/\",\"name\":\"Uklju\u010dite se - Friends of Glass HR\",\"isPartOf\":{\"@id\":\"https:\/\/friendsofglass.com\/hr\/#website\"},\"datePublished\":\"2024-06-24T15:23:58+00:00\",\"dateModified\":\"2025-07-02T13:07:59+00:00\",\"description\":\"Nau\u010dite kako \u017eivjeti osvje\u0161tenije uklju\u010divanjem stakla u svakodnevnu rutinu, od odabira staklenih spremnika do recikliranja i ponovne uporabe.\",\"breadcrumb\":{\"@id\":\"https:\/\/friendsofglass.com\/hr\/ukljucite-se\/#breadcrumb\"},\"inLanguage\":\"en-US\",\"potentialAction\":[{\"@type\":\"ReadAction\",\"target\":[\"https:\/\/friendsofglass.com\/hr\/ukljucite-se\/\"]}]},{\"@type\":\"BreadcrumbList\",\"@id\":\"https:\/\/friendsofglass.com\/hr\/ukljucite-se\/#breadcrumb\",\"itemListElement\":[{\"@type\":\"ListItem\",\"position\":1,\"name\":\"Home\",\"item\":\"https:\/\/friendsofglass.com\/hr\/\"},{\"@type\":\"ListItem\",\"position\":2,\"name\":\"Uklju\u010dite se\"}]},{\"@type\":\"WebSite\",\"@id\":\"https:\/\/friendsofglass.com\/hr\/#website\",\"url\":\"https:\/\/friendsofglass.com\/hr\/\",\"name\":\"Friends of Glass HR\",\"description\":\"\",\"publisher\":{\"@id\":\"https:\/\/friendsofglass.com\/hr\/#organization\"},\"potentialAction\":[{\"@type\":\"SearchAction\",\"target\":{\"@type\":\"EntryPoint\",\"urlTemplate\":\"https:\/\/friendsofglass.com\/hr\/?s={search_term_string}\"},\"query-input\":{\"@type\":\"PropertyValueSpecification\",\"valueRequired\":true,\"valueName\":\"search_term_string\"}}],\"inLanguage\":\"en-US\"},{\"@type\":\"Organization\",\"@id\":\"https:\/\/friendsofglass.com\/hr\/#organization\",\"name\":\"Friends of Glass HR\",\"url\":\"https:\/\/friendsofglass.com\/hr\/\",\"logo\":{\"@type\":\"ImageObject\",\"inLanguage\":\"en-US\",\"@id\":\"https:\/\/friendsofglass.com\/hr\/#\/schema\/logo\/image\/\",\"url\":\"https:\/\/friendsofglass.com\/hr\/wp-content\/uploads\/sites\/12\/2024\/03\/FoG_site_logo.png\",\"contentUrl\":\"https:\/\/friendsofglass.com\/hr\/wp-content\/uploads\/sites\/12\/2024\/03\/FoG_site_logo.png\",\"width\":458,\"height\":227,\"caption\":\"Friends of Glass HR\"},\"image\":{\"@id\":\"https:\/\/friendsofglass.com\/hr\/#\/schema\/logo\/image\/\"}}]}<\/script>\n<!-- \/ Yoast SEO plugin. -->","yoast_head_json":{"title":"Uklju\u010dite se - Friends of Glass HR","description":"Nau\u010dite kako \u017eivjeti osvje\u0161tenije uklju\u010divanjem stakla u svakodnevnu rutinu, od odabira staklenih spremnika do recikliranja i ponovne uporabe.","robots":{"index":"index","follow":"follow","max-snippet":"max-snippet:-1","max-image-preview":"max-image-preview:large","max-video-preview":"max-video-preview:-1"},"canonical":"https:\/\/friendsofglass.com\/hr\/ukljucite-se\/","og_locale":"en_US","og_type":"article","og_title":"Uklju\u010dite se - Friends of Glass HR","og_description":"Nau\u010dite kako \u017eivjeti osvje\u0161tenije uklju\u010divanjem stakla u svakodnevnu rutinu, od odabira staklenih spremnika do recikliranja i ponovne uporabe.","og_url":"https:\/\/friendsofglass.com\/hr\/ukljucite-se\/","og_site_name":"Friends of Glass HR","article_modified_time":"2025-07-02T13:07:59+00:00","twitter_card":"summary_large_image","schema":{"@context":"https:\/\/schema.org","@graph":[{"@type":"WebPage","@id":"https:\/\/friendsofglass.com\/hr\/ukljucite-se\/","url":"https:\/\/friendsofglass.com\/hr\/ukljucite-se\/","name":"Uklju\u010dite se - Friends of Glass HR","isPartOf":{"@id":"https:\/\/friendsofglass.com\/hr\/#website"},"datePublished":"2024-06-24T15:23:58+00:00","dateModified":"2025-07-02T13:07:59+00:00","description":"Nau\u010dite kako \u017eivjeti osvje\u0161tenije uklju\u010divanjem stakla u svakodnevnu rutinu, od odabira staklenih spremnika do recikliranja i ponovne uporabe.","breadcrumb":{"@id":"https:\/\/friendsofglass.com\/hr\/ukljucite-se\/#breadcrumb"},"inLanguage":"en-US","potentialAction":[{"@type":"ReadAction","target":["https:\/\/friendsofglass.com\/hr\/ukljucite-se\/"]}]},{"@type":"BreadcrumbList","@id":"https:\/\/friendsofglass.com\/hr\/ukljucite-se\/#breadcrumb","itemListElement":[{"@type":"ListItem","position":1,"name":"Home","item":"https:\/\/friendsofglass.com\/hr\/"},{"@type":"ListItem","position":2,"name":"Uklju\u010dite se"}]},{"@type":"WebSite","@id":"https:\/\/friendsofglass.com\/hr\/#website","url":"https:\/\/friendsofglass.com\/hr\/","name":"Friends of Glass HR","description":"","publisher":{"@id":"https:\/\/friendsofglass.com\/hr\/#organization"},"potentialAction":[{"@type":"SearchAction","target":{"@type":"EntryPoint","urlTemplate":"https:\/\/friendsofglass.com\/hr\/?s={search_term_string}"},"query-input":{"@type":"PropertyValueSpecification","valueRequired":true,"valueName":"search_term_string"}}],"inLanguage":"en-US"},{"@type":"Organization","@id":"https:\/\/friendsofglass.com\/hr\/#organization","name":"Friends of Glass HR","url":"https:\/\/friendsofglass.com\/hr\/","logo":{"@type":"ImageObject","inLanguage":"en-US","@id":"https:\/\/friendsofglass.com\/hr\/#\/schema\/logo\/image\/","url":"https:\/\/friendsofglass.com\/hr\/wp-content\/uploads\/sites\/12\/2024\/03\/FoG_site_logo.png","contentUrl":"https:\/\/friendsofglass.com\/hr\/wp-content\/uploads\/sites\/12\/2024\/03\/FoG_site_logo.png","width":458,"height":227,"caption":"Friends of Glass HR"},"image":{"@id":"https:\/\/friendsofglass.com\/hr\/#\/schema\/logo\/image\/"}}]}},"_links":{"self":[{"href":"https:\/\/friendsofglass.com\/hr\/wp-json\/wp\/v2\/pages\/93","targetHints":{"allow":["GET"]}}],"collection":[{"href":"https:\/\/friendsofglass.com\/hr\/wp-json\/wp\/v2\/pages"}],"about":[{"href":"https:\/\/friendsofglass.com\/hr\/wp-json\/wp\/v2\/types\/page"}],"author":[{"embeddable":true,"href":"https:\/\/friendsofglass.com\/hr\/wp-json\/wp\/v2\/users\/1"}],"replies":[{"embeddable":true,"href":"https:\/\/friendsofglass.com\/hr\/wp-json\/wp\/v2\/comments?post=93"}],"version-history":[{"count":0,"href":"https:\/\/friendsofglass.com\/hr\/wp-json\/wp\/v2\/pages\/93\/revisions"}],"wp:attachment":[{"href":"https:\/\/friendsofglass.com\/hr\/wp-json\/wp\/v2\/media?parent=93"}],"curies":[{"name":"wp","href":"https:\/\/api.w.org\/{rel}","templated":true}]}}