{"id":94,"date":"2024-07-04T04:30:24","date_gmt":"2024-07-04T04:30:24","guid":{"rendered":"https:\/\/friendsofglass.com\/cr\/take-action-overview\/get-kids-involved\/"},"modified":"2025-07-02T13:06:04","modified_gmt":"2025-07-02T13:06:04","slug":"get-kids-involved","status":"publish","type":"page","link":"https:\/\/friendsofglass.com\/hr\/ukljucite-se\/get-kids-involved\/","title":{"rendered":"Get Kids Involved"},"content":{"rendered":"\r\n<div  class=\"hero-banner-swiper\">\r\n    <div class=\"swiper\">\r\n\r\n        <div class=\"swiper-wrapper\">\r\n                                                <div class=\"slide-container swiper-slide\" >\r\n\r\n                                                    <img decoding=\"async\" src=\"https:\/\/friendsofglass.com\/hr\/wp-content\/uploads\/sites\/12\/2024\/07\/health-banner.png\" style=\"object-position: 50% 50%\" class=\"media\" \/>\r\n                        \r\n\r\n                        <div class=\"slide-content\">\r\n                             <div class=\"global-container-wide\">\r\n                                <p class=\"section-tag\">Take action <\/p>\r\n                                                                    <h1 class=\"section-title-hero\">Get Kids Involved<\/h1>\r\n                                                                <div class=\"slide-buttons\">\r\n                                                                          \r\n                                <\/div>\r\n                            <\/div>\r\n                        <\/div>\r\n                    <\/div>\r\n                                    <\/div>\r\n\r\n                            \r\n        <div class=\"swiper-pagination fix-time\"><\/div>\r\n\r\n    <\/div>\r\n<\/div>\r\n\r\n\r\n\r\n\n\n\r\n<div  class=\"custom-rich-text-block transparent\">\r\n    <div class=\"custom-rich-text spacing-top-2 spacing-bottom-2 global-container\">\r\n        <p>u003cstrongu003eLorem Ipsumu003c\/strongu003e\u00a0is simply dummy text of the printing and typesetting industry. Lorem Ipsum has been the industry&#8217;s standard dummy text ever since the 1500s, when an unknown printer took a galley of type and scrambled it to make a type specimen book. It has survived not only five centuries, but also the leap into electronic typesetting, remaining essentially unchanged. It was popularised in the 1960s with the release of Letraset sheets containing Lorem Ipsum passages, and more recently with desktop publishing software like Aldus PageMaker including versions of Lorem Ipsum<\/p>\n\r\n            <\/div>\r\n<\/div>\n\n\r\n <div  class=\"custom-post-carousel-block background-white\" >\r\n     <div class=\"custom-carousel spacing-top-2 spacing-bottom-2 global-container-wide\" >\r\n\r\n        <div>\r\n            <div class=\"swiper\">\r\n                <div class=\"swiper-wrapper\">\r\n                                                                              <div class=\"swiper-slide content\" >\r\n                                    <div>\r\n                                        <div class=\"post-card-container\"><img loading=\"lazy\" decoding=\"async\" width=\"960\" height=\"640\" src=\"https:\/\/friendsofglass.com\/hr\/wp-content\/uploads\/sites\/12\/2024\/07\/campaigns-banner.jpg\" class=\"attachment-full size-full\" alt=\"campaigns-banner\" srcset=\"https:\/\/friendsofglass.com\/hr\/wp-content\/uploads\/sites\/12\/2024\/07\/campaigns-banner.jpg 960w, https:\/\/friendsofglass.com\/hr\/wp-content\/uploads\/sites\/12\/2024\/07\/campaigns-banner-300x200.jpg 300w, https:\/\/friendsofglass.com\/hr\/wp-content\/uploads\/sites\/12\/2024\/07\/campaigns-banner-768x512.jpg 768w\" sizes=\"auto, (max-width: 960px) 100vw, 960px\" \/><\/div>\r\n                                        <p class=\"card-link\">Lorem ipsum<\/p>\r\n                                    <\/div>\r\n                                <\/div>\r\n                                                            <div class=\"swiper-slide content\" >\r\n                                    <div>\r\n                                        <div class=\"post-card-container\"><img loading=\"lazy\" decoding=\"async\" width=\"960\" height=\"640\" src=\"https:\/\/friendsofglass.com\/hr\/wp-content\/uploads\/sites\/12\/2024\/07\/campaigns-banner.jpg\" class=\"attachment-full size-full\" alt=\"campaigns-banner\" srcset=\"https:\/\/friendsofglass.com\/hr\/wp-content\/uploads\/sites\/12\/2024\/07\/campaigns-banner.jpg 960w, https:\/\/friendsofglass.com\/hr\/wp-content\/uploads\/sites\/12\/2024\/07\/campaigns-banner-300x200.jpg 300w, https:\/\/friendsofglass.com\/hr\/wp-content\/uploads\/sites\/12\/2024\/07\/campaigns-banner-768x512.jpg 768w\" sizes=\"auto, (max-width: 960px) 100vw, 960px\" \/><\/div>\r\n                                        <p class=\"card-link\">Lorem ipsum<\/p>\r\n                                    <\/div>\r\n                                <\/div>\r\n                                                            <div class=\"swiper-slide content\" >\r\n                                    <div>\r\n                                        <div class=\"post-card-container\"><img loading=\"lazy\" decoding=\"async\" width=\"960\" height=\"640\" src=\"https:\/\/friendsofglass.com\/hr\/wp-content\/uploads\/sites\/12\/2024\/07\/campaigns-banner.jpg\" class=\"attachment-full size-full\" alt=\"campaigns-banner\" srcset=\"https:\/\/friendsofglass.com\/hr\/wp-content\/uploads\/sites\/12\/2024\/07\/campaigns-banner.jpg 960w, https:\/\/friendsofglass.com\/hr\/wp-content\/uploads\/sites\/12\/2024\/07\/campaigns-banner-300x200.jpg 300w, https:\/\/friendsofglass.com\/hr\/wp-content\/uploads\/sites\/12\/2024\/07\/campaigns-banner-768x512.jpg 768w\" sizes=\"auto, (max-width: 960px) 100vw, 960px\" \/><\/div>\r\n                                        <p class=\"card-link\">Lorem ipsum<\/p>\r\n                                    <\/div>\r\n                                <\/div>\r\n                                                            <div class=\"swiper-slide content\" >\r\n                                    <div>\r\n                                        <div class=\"post-card-container\"><img loading=\"lazy\" decoding=\"async\" width=\"960\" height=\"640\" src=\"https:\/\/friendsofglass.com\/hr\/wp-content\/uploads\/sites\/12\/2024\/07\/campaigns-banner.jpg\" class=\"attachment-full size-full\" alt=\"campaigns-banner\" srcset=\"https:\/\/friendsofglass.com\/hr\/wp-content\/uploads\/sites\/12\/2024\/07\/campaigns-banner.jpg 960w, https:\/\/friendsofglass.com\/hr\/wp-content\/uploads\/sites\/12\/2024\/07\/campaigns-banner-300x200.jpg 300w, https:\/\/friendsofglass.com\/hr\/wp-content\/uploads\/sites\/12\/2024\/07\/campaigns-banner-768x512.jpg 768w\" sizes=\"auto, (max-width: 960px) 100vw, 960px\" \/><\/div>\r\n                                        <p class=\"card-link\">Lorem ipsum<\/p>\r\n                                    <\/div>\r\n                                <\/div>\r\n                                                            <div class=\"swiper-slide content\" >\r\n                                    <div>\r\n                                        <div class=\"post-card-container\"><img loading=\"lazy\" decoding=\"async\" width=\"960\" height=\"640\" src=\"https:\/\/friendsofglass.com\/hr\/wp-content\/uploads\/sites\/12\/2024\/07\/campaigns-banner.jpg\" class=\"attachment-full size-full\" alt=\"campaigns-banner\" srcset=\"https:\/\/friendsofglass.com\/hr\/wp-content\/uploads\/sites\/12\/2024\/07\/campaigns-banner.jpg 960w, https:\/\/friendsofglass.com\/hr\/wp-content\/uploads\/sites\/12\/2024\/07\/campaigns-banner-300x200.jpg 300w, https:\/\/friendsofglass.com\/hr\/wp-content\/uploads\/sites\/12\/2024\/07\/campaigns-banner-768x512.jpg 768w\" sizes=\"auto, (max-width: 960px) 100vw, 960px\" \/><\/div>\r\n                                        <p class=\"card-link\">Lorem ipsum<\/p>\r\n                                    <\/div>\r\n                                <\/div>\r\n                                                                <\/div>\r\n                <div class=\"swiper-button-prev nav-button\"><\/div>\r\n                <div class=\"swiper-button-next nav-button\"><\/div>\r\n            <\/div>\r\n        <\/div>\r\n\r\n     <\/div>\r\n <\/div>\r\n\r\n\r\n\r\n\r\n\r\n\r\n\n\n\r\n<div  class=\"custom-rich-text-block background-light-grey\">\r\n    <div class=\"custom-rich-text spacing-top-2 spacing-bottom-2 global-container\">\r\n        <p>u003ch3 style=u0022text-align: center;u0022u003eDownloadsu003c\/h3u003ernu003cdiv class=u0022download-holderu0022u003ernu003cdiv class=u0022downloadu0022 style=u0022text-align: center;u0022u003ernu003cdiv class=u0022imageu0022u003eu003c\/divu003ernu003ch4u003eSzklana lekcjau003c\/h4u003ernBaza wiedzy dla Nauczycielirnrnu003ca class=u0022button dl_download_buttonu0022 href=u0022https:\/\/www.friendsofglass.com\/wp-content\/uploads\/SZKLANA-LEKCJA-BAZA-WIEDZY-I-MATERIALY-EDUKACYJNE.pdfu0022 target=u0022_blanku0022 rel=u0022noopeneru0022u003eDownloadu003c\/au003eu003c\/divu003ernu003cdiv class=u0022downloadu0022 style=u0022text-align: center;u0022u003ernu003cdiv class=u0022imageu0022u003eu003c\/divu003ernu003ch4u003eSzklana Lekcjau003c\/h4u003ernPrzewodnik dla Nauczycielirnrnu003ca class=u0022button dl_download_buttonu0022 href=u0022https:\/\/www.friendsofglass.com\/wp-content\/uploads\/Przewodnik-dla-nauczyciela_Szklana-Lekcja.pdfu0022 target=u0022_blanku0022 rel=u0022noopeneru0022u003eDownloadu003c\/au003eu003c\/divu003ernu003cdiv class=u0022downloadu0022 style=u0022text-align: center;u0022u003ernu003cdiv class=u0022imageu0022 style=u0022text-align: center;u0022u003eu003c\/divu003ernu003ch4 style=u0022text-align: center;u0022u003ePROPOZYCJE ZABAW EDUKACYJNYCHu003c\/h4u003ernu003cp style=u0022text-align: center;u0022u003edla dzieci w wieku 5 &#8211; 6 latu003c\/pu003ernrnu003ca class=u0022button dl_download_buttonu0022 href=u0022https:\/\/www.friendsofglass.com\/wp-content\/uploads\/Karty-pracy-dzieci-5-6-lat-a3.pdfu0022 target=u0022_blanku0022 rel=u0022noopeneru0022u003eDownloadu003c\/au003eu003c\/divu003ernu003cdiv class=u0022downloadu0022 style=u0022text-align: center;u0022u003ernu003cdiv class=u0022imageu0022u003eu003c\/divu003ernu003ch4u003ePROPOZYCJE ZABAW EDUKACYJNYCHu003c\/h4u003erndla uczni\u00f3w klas 1 &#8211; 3rnrnu003ca class=u0022button dl_download_buttonu0022 href=u0022https:\/\/www.friendsofglass.com\/wp-content\/uploads\/Karty-pracy-klasa-1-3-a3.pdfu0022 target=u0022_blanku0022 rel=u0022noopeneru0022u003eDownloadu003c\/au003eu003c\/divu003ernu003cdiv class=u0022downloadu0022 style=u0022text-align: center;u0022u003ernu003cdiv class=u0022imageu0022u003eu003c\/divu003ernu003ch4u003ePROPOZYCJE ZADA\u0143 EDUKACYJNYCHu003c\/h4u003erndla uczni\u00f3w klas 4 &#8211; 6rnrnu003ca class=u0022button dl_download_buttonu0022 href=u0022https:\/\/www.friendsofglass.com\/wp-content\/uploads\/Karty-pracy-klasa-4-6-a3.pdfu0022 target=u0022_blanku0022 rel=u0022noopeneru0022u003eDownloadu003c\/au003eu003c\/divu003ernu003cdiv class=u0022downloadu0022 style=u0022text-align: center;u0022u003ernu003cdiv class=u0022imageu0022u003eu003c\/divu003ernu003ch4u003ePROPOZYCJE ZADA\u0143 EDUKACYJNYCHu003c\/h4u003erndla uczni\u00f3w klas 7 &#8211; 8rnrnu003ca class=u0022button dl_download_buttonu0022 href=u0022https:\/\/www.friendsofglass.com\/wp-content\/uploads\/Karty-pracy-klasa-7-8-a3.pdfu0022 target=u0022_blanku0022 rel=u0022noopeneru0022u003eDownloadu003c\/au003eu003c\/divu003ernu003cdiv class=u0022downloadu0022 style=u0022text-align: center;u0022u003ernu003cdiv class=u0022imageu0022u003eu003c\/divu003ernu003ch4u003ePROPOZYCJE ZADA\u0143 EDUKACYJNYCHu003c\/h4u003erndla uczni\u00f3w klas szk\u00f3\u0142 ponadpodstawowychrnrnu003ca class=u0022button dl_download_buttonu0022 href=u0022https:\/\/www.friendsofglass.com\/wp-content\/uploads\/Karty-pracy-szkol-ponadpodstawowa-a3.pdfu0022 target=u0022_blanku0022 rel=u0022noopeneru0022u003eDownloadu003c\/au003eu003c\/divu003ernu003c\/divu003e<\/p>\n\r\n            <\/div>\r\n<\/div>\n\n \r\n <div  class=\"custom-accordions-block background-white\" >\r\n     <div class=\"custom-accordions spacing-top-2 spacing-bottom-2 global-container\" >\r\n        <h2 class=\"section-title\">FAQ<\/h2>\r\n        <p class=\"section-description\"><\/p>\r\n        <div class=\"accordions\">\r\n                            <div class=\"accordion\" >\r\n                   <h3 class=\"accordion-title section-subtitle\"><span>Question 1<\/span> <svg width=\"24\" height=\"24\" viewBox=\"0 0 24 24\" fill=\"none\" xmlns=\"http:\/\/www.w3.org\/2000\/svg\">\n<path d=\"M13.0128 15.585L16.9628 11.635C17.1514 11.4529 17.404 11.3521 17.6662 11.3543C17.9284 11.3566 18.1792 11.4618 18.3646 11.6472C18.55 11.8326 18.6552 12.0834 18.6574 12.3456C18.6597 12.6078 18.5589 12.8604 18.3768 13.049L12.7198 18.706C12.6271 18.7992 12.5169 18.8732 12.3956 18.9236C12.2743 18.9741 12.1442 19.0001 12.0128 19.0001C11.8813 19.0001 11.7512 18.9741 11.6299 18.9236C11.5086 18.8732 11.3984 18.7992 11.3058 18.706L5.64876 13.049C5.55325 12.9568 5.47707 12.8464 5.42466 12.7244C5.37225 12.6024 5.34466 12.4712 5.34351 12.3384C5.34235 12.2056 5.36766 12.074 5.41794 11.9511C5.46822 11.8282 5.54247 11.7165 5.63636 11.6226C5.73026 11.5287 5.84191 11.4545 5.9648 11.4042C6.0877 11.3539 6.21938 11.3286 6.35216 11.3298C6.48494 11.3309 6.61616 11.3585 6.73816 11.4109C6.86017 11.4633 6.97051 11.5395 7.06276 11.635L11.0128 15.585L11.0128 5.99902C11.0128 5.73381 11.1181 5.47945 11.3057 5.29192C11.4932 5.10438 11.7475 4.99902 12.0128 4.99902C12.278 4.99902 12.5323 5.10438 12.7199 5.29192C12.9074 5.47945 13.0128 5.73381 13.0128 5.99902L13.0128 15.585Z\" fill=\"#001822\"\/>\n<\/svg><\/h3>\r\n                   <div class=\"content\">\r\n                                                                                   <div class=\"rich-text-container\">\r\n                                    <p>Answer 1<\/p>\n                                <\/div>\r\n                                                                      <\/div>\r\n                <\/div>\r\n                            <div class=\"accordion\" >\r\n                   <h3 class=\"accordion-title section-subtitle\"><span>Question 2<\/span> <svg width=\"24\" height=\"24\" viewBox=\"0 0 24 24\" fill=\"none\" xmlns=\"http:\/\/www.w3.org\/2000\/svg\">\n<path d=\"M13.0128 15.585L16.9628 11.635C17.1514 11.4529 17.404 11.3521 17.6662 11.3543C17.9284 11.3566 18.1792 11.4618 18.3646 11.6472C18.55 11.8326 18.6552 12.0834 18.6574 12.3456C18.6597 12.6078 18.5589 12.8604 18.3768 13.049L12.7198 18.706C12.6271 18.7992 12.5169 18.8732 12.3956 18.9236C12.2743 18.9741 12.1442 19.0001 12.0128 19.0001C11.8813 19.0001 11.7512 18.9741 11.6299 18.9236C11.5086 18.8732 11.3984 18.7992 11.3058 18.706L5.64876 13.049C5.55325 12.9568 5.47707 12.8464 5.42466 12.7244C5.37225 12.6024 5.34466 12.4712 5.34351 12.3384C5.34235 12.2056 5.36766 12.074 5.41794 11.9511C5.46822 11.8282 5.54247 11.7165 5.63636 11.6226C5.73026 11.5287 5.84191 11.4545 5.9648 11.4042C6.0877 11.3539 6.21938 11.3286 6.35216 11.3298C6.48494 11.3309 6.61616 11.3585 6.73816 11.4109C6.86017 11.4633 6.97051 11.5395 7.06276 11.635L11.0128 15.585L11.0128 5.99902C11.0128 5.73381 11.1181 5.47945 11.3057 5.29192C11.4932 5.10438 11.7475 4.99902 12.0128 4.99902C12.278 4.99902 12.5323 5.10438 12.7199 5.29192C12.9074 5.47945 13.0128 5.73381 13.0128 5.99902L13.0128 15.585Z\" fill=\"#001822\"\/>\n<\/svg><\/h3>\r\n                   <div class=\"content\">\r\n                                                                                   <div class=\"rich-text-container\">\r\n                                    <p>Answer 2<\/p>\n                                <\/div>\r\n                                                                      <\/div>\r\n                <\/div>\r\n                            <div class=\"accordion\" >\r\n                   <h3 class=\"accordion-title section-subtitle\"><span>Question 3<\/span> <svg width=\"24\" height=\"24\" viewBox=\"0 0 24 24\" fill=\"none\" xmlns=\"http:\/\/www.w3.org\/2000\/svg\">\n<path d=\"M13.0128 15.585L16.9628 11.635C17.1514 11.4529 17.404 11.3521 17.6662 11.3543C17.9284 11.3566 18.1792 11.4618 18.3646 11.6472C18.55 11.8326 18.6552 12.0834 18.6574 12.3456C18.6597 12.6078 18.5589 12.8604 18.3768 13.049L12.7198 18.706C12.6271 18.7992 12.5169 18.8732 12.3956 18.9236C12.2743 18.9741 12.1442 19.0001 12.0128 19.0001C11.8813 19.0001 11.7512 18.9741 11.6299 18.9236C11.5086 18.8732 11.3984 18.7992 11.3058 18.706L5.64876 13.049C5.55325 12.9568 5.47707 12.8464 5.42466 12.7244C5.37225 12.6024 5.34466 12.4712 5.34351 12.3384C5.34235 12.2056 5.36766 12.074 5.41794 11.9511C5.46822 11.8282 5.54247 11.7165 5.63636 11.6226C5.73026 11.5287 5.84191 11.4545 5.9648 11.4042C6.0877 11.3539 6.21938 11.3286 6.35216 11.3298C6.48494 11.3309 6.61616 11.3585 6.73816 11.4109C6.86017 11.4633 6.97051 11.5395 7.06276 11.635L11.0128 15.585L11.0128 5.99902C11.0128 5.73381 11.1181 5.47945 11.3057 5.29192C11.4932 5.10438 11.7475 4.99902 12.0128 4.99902C12.278 4.99902 12.5323 5.10438 12.7199 5.29192C12.9074 5.47945 13.0128 5.73381 13.0128 5.99902L13.0128 15.585Z\" fill=\"#001822\"\/>\n<\/svg><\/h3>\r\n                   <div class=\"content\">\r\n                                                                                   <div class=\"rich-text-container\">\r\n                                    <p>Answer 3<\/p>\n                                <\/div>\r\n                                                                      <\/div>\r\n                <\/div>\r\n                    <\/div>\r\n     <\/div>\r\n <\/div>\r\n\r\n\r\n\r\n\r\n\n\n\r\n\r\n<div  class=\"custom-testimonial-block background-blue\" >\r\n <div class=\"custom-testimonial\" >\r\n    <div class=\"spacing-top-2 spacing-bottom-2 global-container\" >\r\n\r\n        <div class=\"testimonial\" >\r\n             <div class=\"img-container\">\r\n                <img loading=\"lazy\" decoding=\"async\" width=\"300\" height=\"291\" src=\"https:\/\/friendsofglass.com\/hr\/wp-content\/uploads\/sites\/12\/2024\/07\/Screenshot-2024-07-04-at-05.48.41-300x291.png\" class=\"attachment-medium size-medium\" alt=\"Screenshot-2024-07-04-at-05.48.41-300x291\" srcset=\"https:\/\/friendsofglass.com\/hr\/wp-content\/uploads\/sites\/12\/2024\/07\/Screenshot-2024-07-04-at-05.48.41-300x291.png 300w, https:\/\/friendsofglass.com\/hr\/wp-content\/uploads\/sites\/12\/2024\/07\/Screenshot-2024-07-04-at-05.48.41.png 732w\" sizes=\"auto, (max-width: 300px) 100vw, 300px\" \/>             <\/div>\r\n\r\n            <div class=\"content\">\r\n                <h3 class=\"card-link\">Contact<\/h3>\r\n                <p class=\"section-description position\">For any inquiry, feel free to contact our team<\/p>\r\n                <p class=\"section-description\">kontakt@komucom.pl<\/p>\r\n            <\/div>\r\n        <\/div>\r\n\r\n    <\/div>\r\n <\/div>\r\n<\/div>\r\n","protected":false},"excerpt":{"rendered":"","protected":false},"author":1,"featured_media":0,"parent":93,"menu_order":0,"comment_status":"closed","ping_status":"closed","template":"","meta":{"_acf_changed":false,"inline_featured_image":false,"footnotes":""},"class_list":["post-94","page","type-page","status-publish","hentry"],"acf":[],"yoast_head":"<!-- This site is optimized with the Yoast SEO plugin v26.3 - https:\/\/yoast.com\/wordpress\/plugins\/seo\/ -->\n<title>Get Kids Involved - Friends of Glass HR<\/title>\n<meta name=\"robots\" content=\"index, follow, max-snippet:-1, max-image-preview:large, max-video-preview:-1\" \/>\n<link rel=\"canonical\" href=\"https:\/\/friendsofglass.com\/hr\/ukljucite-se\/get-kids-involved\/\" \/>\n<meta property=\"og:locale\" content=\"en_US\" \/>\n<meta property=\"og:type\" content=\"article\" \/>\n<meta property=\"og:title\" content=\"Get Kids Involved - Friends of Glass HR\" \/>\n<meta property=\"og:url\" content=\"https:\/\/friendsofglass.com\/hr\/ukljucite-se\/get-kids-involved\/\" \/>\n<meta property=\"og:site_name\" content=\"Friends of Glass HR\" \/>\n<meta property=\"article:modified_time\" content=\"2025-07-02T13:06:04+00:00\" \/>\n<meta name=\"twitter:card\" content=\"summary_large_image\" \/>\n<script type=\"application\/ld+json\" class=\"yoast-schema-graph\">{\"@context\":\"https:\/\/schema.org\",\"@graph\":[{\"@type\":\"WebPage\",\"@id\":\"https:\/\/friendsofglass.com\/hr\/ukljucite-se\/get-kids-involved\/\",\"url\":\"https:\/\/friendsofglass.com\/hr\/ukljucite-se\/get-kids-involved\/\",\"name\":\"Get Kids Involved - Friends of Glass HR\",\"isPartOf\":{\"@id\":\"https:\/\/friendsofglass.com\/hr\/#website\"},\"datePublished\":\"2024-07-04T04:30:24+00:00\",\"dateModified\":\"2025-07-02T13:06:04+00:00\",\"breadcrumb\":{\"@id\":\"https:\/\/friendsofglass.com\/hr\/ukljucite-se\/get-kids-involved\/#breadcrumb\"},\"inLanguage\":\"en-US\",\"potentialAction\":[{\"@type\":\"ReadAction\",\"target\":[\"https:\/\/friendsofglass.com\/hr\/ukljucite-se\/get-kids-involved\/\"]}]},{\"@type\":\"BreadcrumbList\",\"@id\":\"https:\/\/friendsofglass.com\/hr\/ukljucite-se\/get-kids-involved\/#breadcrumb\",\"itemListElement\":[{\"@type\":\"ListItem\",\"position\":1,\"name\":\"Home\",\"item\":\"https:\/\/friendsofglass.com\/hr\/\"},{\"@type\":\"ListItem\",\"position\":2,\"name\":\"Uklju\u010dite se\",\"item\":\"https:\/\/friendsofglass.com\/hr\/ukljucite-se\/\"},{\"@type\":\"ListItem\",\"position\":3,\"name\":\"Get Kids Involved\"}]},{\"@type\":\"WebSite\",\"@id\":\"https:\/\/friendsofglass.com\/hr\/#website\",\"url\":\"https:\/\/friendsofglass.com\/hr\/\",\"name\":\"Friends of Glass HR\",\"description\":\"\",\"publisher\":{\"@id\":\"https:\/\/friendsofglass.com\/hr\/#organization\"},\"potentialAction\":[{\"@type\":\"SearchAction\",\"target\":{\"@type\":\"EntryPoint\",\"urlTemplate\":\"https:\/\/friendsofglass.com\/hr\/?s={search_term_string}\"},\"query-input\":{\"@type\":\"PropertyValueSpecification\",\"valueRequired\":true,\"valueName\":\"search_term_string\"}}],\"inLanguage\":\"en-US\"},{\"@type\":\"Organization\",\"@id\":\"https:\/\/friendsofglass.com\/hr\/#organization\",\"name\":\"Friends of Glass HR\",\"url\":\"https:\/\/friendsofglass.com\/hr\/\",\"logo\":{\"@type\":\"ImageObject\",\"inLanguage\":\"en-US\",\"@id\":\"https:\/\/friendsofglass.com\/hr\/#\/schema\/logo\/image\/\",\"url\":\"https:\/\/friendsofglass.com\/hr\/wp-content\/uploads\/sites\/12\/2024\/03\/FoG_site_logo.png\",\"contentUrl\":\"https:\/\/friendsofglass.com\/hr\/wp-content\/uploads\/sites\/12\/2024\/03\/FoG_site_logo.png\",\"width\":458,\"height\":227,\"caption\":\"Friends of Glass HR\"},\"image\":{\"@id\":\"https:\/\/friendsofglass.com\/hr\/#\/schema\/logo\/image\/\"}}]}<\/script>\n<!-- \/ Yoast SEO plugin. -->","yoast_head_json":{"title":"Get Kids Involved - Friends of Glass HR","robots":{"index":"index","follow":"follow","max-snippet":"max-snippet:-1","max-image-preview":"max-image-preview:large","max-video-preview":"max-video-preview:-1"},"canonical":"https:\/\/friendsofglass.com\/hr\/ukljucite-se\/get-kids-involved\/","og_locale":"en_US","og_type":"article","og_title":"Get Kids Involved - Friends of Glass HR","og_url":"https:\/\/friendsofglass.com\/hr\/ukljucite-se\/get-kids-involved\/","og_site_name":"Friends of Glass HR","article_modified_time":"2025-07-02T13:06:04+00:00","twitter_card":"summary_large_image","schema":{"@context":"https:\/\/schema.org","@graph":[{"@type":"WebPage","@id":"https:\/\/friendsofglass.com\/hr\/ukljucite-se\/get-kids-involved\/","url":"https:\/\/friendsofglass.com\/hr\/ukljucite-se\/get-kids-involved\/","name":"Get Kids Involved - Friends of Glass HR","isPartOf":{"@id":"https:\/\/friendsofglass.com\/hr\/#website"},"datePublished":"2024-07-04T04:30:24+00:00","dateModified":"2025-07-02T13:06:04+00:00","breadcrumb":{"@id":"https:\/\/friendsofglass.com\/hr\/ukljucite-se\/get-kids-involved\/#breadcrumb"},"inLanguage":"en-US","potentialAction":[{"@type":"ReadAction","target":["https:\/\/friendsofglass.com\/hr\/ukljucite-se\/get-kids-involved\/"]}]},{"@type":"BreadcrumbList","@id":"https:\/\/friendsofglass.com\/hr\/ukljucite-se\/get-kids-involved\/#breadcrumb","itemListElement":[{"@type":"ListItem","position":1,"name":"Home","item":"https:\/\/friendsofglass.com\/hr\/"},{"@type":"ListItem","position":2,"name":"Uklju\u010dite se","item":"https:\/\/friendsofglass.com\/hr\/ukljucite-se\/"},{"@type":"ListItem","position":3,"name":"Get Kids Involved"}]},{"@type":"WebSite","@id":"https:\/\/friendsofglass.com\/hr\/#website","url":"https:\/\/friendsofglass.com\/hr\/","name":"Friends of Glass HR","description":"","publisher":{"@id":"https:\/\/friendsofglass.com\/hr\/#organization"},"potentialAction":[{"@type":"SearchAction","target":{"@type":"EntryPoint","urlTemplate":"https:\/\/friendsofglass.com\/hr\/?s={search_term_string}"},"query-input":{"@type":"PropertyValueSpecification","valueRequired":true,"valueName":"search_term_string"}}],"inLanguage":"en-US"},{"@type":"Organization","@id":"https:\/\/friendsofglass.com\/hr\/#organization","name":"Friends of Glass HR","url":"https:\/\/friendsofglass.com\/hr\/","logo":{"@type":"ImageObject","inLanguage":"en-US","@id":"https:\/\/friendsofglass.com\/hr\/#\/schema\/logo\/image\/","url":"https:\/\/friendsofglass.com\/hr\/wp-content\/uploads\/sites\/12\/2024\/03\/FoG_site_logo.png","contentUrl":"https:\/\/friendsofglass.com\/hr\/wp-content\/uploads\/sites\/12\/2024\/03\/FoG_site_logo.png","width":458,"height":227,"caption":"Friends of Glass HR"},"image":{"@id":"https:\/\/friendsofglass.com\/hr\/#\/schema\/logo\/image\/"}}]}},"_links":{"self":[{"href":"https:\/\/friendsofglass.com\/hr\/wp-json\/wp\/v2\/pages\/94","targetHints":{"allow":["GET"]}}],"collection":[{"href":"https:\/\/friendsofglass.com\/hr\/wp-json\/wp\/v2\/pages"}],"about":[{"href":"https:\/\/friendsofglass.com\/hr\/wp-json\/wp\/v2\/types\/page"}],"author":[{"embeddable":true,"href":"https:\/\/friendsofglass.com\/hr\/wp-json\/wp\/v2\/users\/1"}],"replies":[{"embeddable":true,"href":"https:\/\/friendsofglass.com\/hr\/wp-json\/wp\/v2\/comments?post=94"}],"version-history":[{"count":0,"href":"https:\/\/friendsofglass.com\/hr\/wp-json\/wp\/v2\/pages\/94\/revisions"}],"up":[{"embeddable":true,"href":"https:\/\/friendsofglass.com\/hr\/wp-json\/wp\/v2\/pages\/93"}],"wp:attachment":[{"href":"https:\/\/friendsofglass.com\/hr\/wp-json\/wp\/v2\/media?parent=94"}],"curies":[{"name":"wp","href":"https:\/\/api.w.org\/{rel}","templated":true}]}}