{"id":114,"date":"2024-06-24T15:23:58","date_gmt":"2024-06-24T15:23:58","guid":{"rendered":"https:\/\/friendsofglass.com\/sk\/take-action-overview\/"},"modified":"2025-07-02T12:57:56","modified_gmt":"2025-07-02T12:57:56","slug":"podniknite-kroky","status":"publish","type":"page","link":"https:\/\/friendsofglass.com\/sk\/podniknite-kroky\/","title":{"rendered":"Podniknite kroky"},"content":{"rendered":"\r\n<div  class=\"hero-banner-swiper\">\r\n    <div class=\"swiper\">\r\n\r\n        <div class=\"swiper-wrapper\">\r\n                                                <div class=\"slide-container swiper-slide\" >\r\n\r\n                                                    <img decoding=\"async\" src=\"https:\/\/friendsofglass.com\/sk\/wp-content\/uploads\/sites\/11\/2024\/07\/take-action-glass-packaging-2.png\" style=\"object-position: 50% 50%\" class=\"media\" \/>\r\n                        \r\n\r\n                        <div class=\"slide-content\">\r\n                             <div class=\"global-container-wide\">\r\n                                <p class=\"section-tag\">Za\u010dnite kona\u0165 hne\u010f teraz<\/p>\r\n                                                                    <h1 class=\"section-title-hero\">Na\u0161e ka\u017edodenn\u00e9 rozhodnutia &#8211; od toho, ako \u017eijeme doma, a\u017e po to, ako sa star\u00e1me o plan\u00e9tu &#8211; m\u00f4\u017eu by\u0165 v\u00fdchodiskom pre udr\u017eate\u013enej\u0161iu bud\u00facnos\u0165.\u202f<\/h1>\r\n                                                                <div class=\"slide-buttons\">\r\n                                                                          \r\n                                <\/div>\r\n                            <\/div>\r\n                        <\/div>\r\n                    <\/div>\r\n                                    <\/div>\r\n\r\n                            \r\n        <div class=\"swiper-pagination fix-time\"><\/div>\r\n\r\n    <\/div>\r\n<\/div>\r\n\r\n\r\n\r\n\n\n \r\n <div  class=\"custom-cards-block background-white\" >\r\n     <div class=\"custom-cards spacing-top-2 spacing-bottom-2 global-container-wide\" >\r\n        <h2 class=\"section-title\"><\/h2>\r\n        <p class=\"section-description\"><\/p>\r\n        <div class=\"swiper\">\r\n            <div class=\"swiper-wrapper cards-top\">\r\n                            <div class=\"swiper-slide\" >\r\n                    <div class=\"carousel-card\" >\r\n                                                    <div class=\"carousel-card-img\"><img loading=\"lazy\" decoding=\"async\" width=\"400\" height=\"400\" src=\"https:\/\/friendsofglass.com\/sk\/wp-content\/uploads\/sites\/11\/2024\/07\/take-action-choose-glass.png\" class=\"attachment-full size-full\" alt=\"take-action-choose-glass\" srcset=\"https:\/\/friendsofglass.com\/sk\/wp-content\/uploads\/sites\/11\/2024\/07\/take-action-choose-glass.png 400w, https:\/\/friendsofglass.com\/sk\/wp-content\/uploads\/sites\/11\/2024\/07\/take-action-choose-glass-300x300.png 300w, https:\/\/friendsofglass.com\/sk\/wp-content\/uploads\/sites\/11\/2024\/07\/take-action-choose-glass-150x150.png 150w\" sizes=\"auto, (max-width: 400px) 100vw, 400px\" \/><\/div>\r\n                        \r\n                                                    \r\n                             <div class=\"title-container\" >\r\n                                                                <h3 class=\"card-title\" style=\"color: var(--wp--preset--color--black);\" >Vyberte si sklo<\/h3>\r\n                            <\/div>\r\n                        \r\n                                                      <p class=\"card-description\">Nad\u010dasov\u00fd favorit, ktor\u00fd si ob\u013e\u00fabili cel\u00e9 gener\u00e1cie spotrebite\u013eov a zna\u010diek.<\/p>\r\n                        \r\n                                                    <a class=\"card-link\" href=\"\/sk\/podniknite-kroky\/vyberte-si-sklo\/\"    >Zistite pre\u010do<svg width=\"24\" height=\"24\" viewBox=\"0 0 24 24\" fill=\"none\" xmlns=\"http:\/\/www.w3.org\/2000\/svg\">\n    <path d=\"M15.586 10.6569L11.636 6.70692C11.4538 6.51832 11.353 6.26571 11.3553 6.00352C11.3576 5.74132 11.4628 5.49051 11.6482 5.3051C11.8336 5.11969 12.0844 5.01452 12.3466 5.01224C12.6088 5.00997 12.8614 5.11076 13.05 5.29292L18.707 10.9499C18.8002 11.0426 18.8741 11.1527 18.9246 11.2741C18.9751 11.3954 19.001 11.5255 19.001 11.6569C19.001 11.7883 18.9751 11.9184 18.9246 12.0398C18.8741 12.1611 18.8002 12.2713 18.707 12.3639L13.05 18.0209C12.9578 18.1164 12.8474 18.1926 12.7254 18.245C12.6034 18.2974 12.4722 18.325 12.3394 18.3262C12.2066 18.3273 12.0749 18.302 11.952 18.2517C11.8291 18.2015 11.7175 18.1272 11.6236 18.0333C11.5297 17.9394 11.4555 17.8278 11.4052 17.7049C11.3549 17.582 11.3296 17.4503 11.3307 17.3175C11.3319 17.1847 11.3595 17.0535 11.4119 16.9315C11.4643 16.8095 11.5405 16.6992 11.636 16.6069L15.586 12.6569H6C5.73478 12.6569 5.48043 12.5516 5.29289 12.364C5.10536 12.1765 5 11.9221 5 11.6569C5 11.3917 5.10536 11.1373 5.29289 10.9498C5.48043 10.7623 5.73478 10.6569 6 10.6569H15.586Z\" fill=\"#001822\"\/>\n<\/svg><\/a>\r\n                                            <\/div>\r\n                <\/div>\r\n                            <div class=\"swiper-slide\" >\r\n                    <div class=\"carousel-card\" >\r\n                                                    <div class=\"carousel-card-img\"><img loading=\"lazy\" decoding=\"async\" width=\"400\" height=\"400\" src=\"https:\/\/friendsofglass.com\/sk\/wp-content\/uploads\/sites\/11\/2024\/07\/take-action-recycle-glass.png\" class=\"attachment-full size-full\" alt=\"take-action-recycle-glass\" srcset=\"https:\/\/friendsofglass.com\/sk\/wp-content\/uploads\/sites\/11\/2024\/07\/take-action-recycle-glass.png 400w, https:\/\/friendsofglass.com\/sk\/wp-content\/uploads\/sites\/11\/2024\/07\/take-action-recycle-glass-300x300.png 300w, https:\/\/friendsofglass.com\/sk\/wp-content\/uploads\/sites\/11\/2024\/07\/take-action-recycle-glass-150x150.png 150w\" sizes=\"auto, (max-width: 400px) 100vw, 400px\" \/><\/div>\r\n                        \r\n                                                    \r\n                             <div class=\"title-container\" >\r\n                                                                <h3 class=\"card-title\" style=\"color: var(--wp--preset--color--green);\" >Recyklujte sklo<\/h3>\r\n                            <\/div>\r\n                        \r\n                                                      <p class=\"card-description\">8 z 10 flia\u0161 v Eur\u00f3pe sa zbiera na recykl\u00e1ciu &#8211; na pulty sa vr\u00e1tia u\u017e za mesiac.\u202f<\/p>\r\n                        \r\n                                                    <a class=\"card-link\" href=\"\/sk\/podniknite-kroky\/recyklujte-sklo\/\"    >Zistite ako<svg width=\"24\" height=\"24\" viewBox=\"0 0 24 24\" fill=\"none\" xmlns=\"http:\/\/www.w3.org\/2000\/svg\">\n    <path d=\"M15.586 10.6569L11.636 6.70692C11.4538 6.51832 11.353 6.26571 11.3553 6.00352C11.3576 5.74132 11.4628 5.49051 11.6482 5.3051C11.8336 5.11969 12.0844 5.01452 12.3466 5.01224C12.6088 5.00997 12.8614 5.11076 13.05 5.29292L18.707 10.9499C18.8002 11.0426 18.8741 11.1527 18.9246 11.2741C18.9751 11.3954 19.001 11.5255 19.001 11.6569C19.001 11.7883 18.9751 11.9184 18.9246 12.0398C18.8741 12.1611 18.8002 12.2713 18.707 12.3639L13.05 18.0209C12.9578 18.1164 12.8474 18.1926 12.7254 18.245C12.6034 18.2974 12.4722 18.325 12.3394 18.3262C12.2066 18.3273 12.0749 18.302 11.952 18.2517C11.8291 18.2015 11.7175 18.1272 11.6236 18.0333C11.5297 17.9394 11.4555 17.8278 11.4052 17.7049C11.3549 17.582 11.3296 17.4503 11.3307 17.3175C11.3319 17.1847 11.3595 17.0535 11.4119 16.9315C11.4643 16.8095 11.5405 16.6992 11.636 16.6069L15.586 12.6569H6C5.73478 12.6569 5.48043 12.5516 5.29289 12.364C5.10536 12.1765 5 11.9221 5 11.6569C5 11.3917 5.10536 11.1373 5.29289 10.9498C5.48043 10.7623 5.73478 10.6569 6 10.6569H15.586Z\" fill=\"#001822\"\/>\n<\/svg><\/a>\r\n                                            <\/div>\r\n                <\/div>\r\n                            <div class=\"swiper-slide\" >\r\n                    <div class=\"carousel-card\" >\r\n                                                    <div class=\"carousel-card-img\"><img loading=\"lazy\" decoding=\"async\" width=\"400\" height=\"400\" src=\"https:\/\/friendsofglass.com\/sk\/wp-content\/uploads\/sites\/11\/2024\/07\/take-action-reuse-glass.png\" class=\"attachment-full size-full\" alt=\"take-action-reuse-glass\" srcset=\"https:\/\/friendsofglass.com\/sk\/wp-content\/uploads\/sites\/11\/2024\/07\/take-action-reuse-glass.png 400w, https:\/\/friendsofglass.com\/sk\/wp-content\/uploads\/sites\/11\/2024\/07\/take-action-reuse-glass-300x300.png 300w, https:\/\/friendsofglass.com\/sk\/wp-content\/uploads\/sites\/11\/2024\/07\/take-action-reuse-glass-150x150.png 150w\" sizes=\"auto, (max-width: 400px) 100vw, 400px\" \/><\/div>\r\n                        \r\n                                                    \r\n                             <div class=\"title-container\" >\r\n                                                                <h3 class=\"card-title\" style=\"color: var(--wp--preset--color--ice);\" >Op\u00e4tovn\u00e9 pou\u017eitie skla<\/h3>\r\n                            <\/div>\r\n                        \r\n                                                      <p class=\"card-description\">Mo\u017enosti op\u00e4tovn\u00e9ho vyu\u017eitia pr\u00e1zdnych n\u00e1dob s\u00fa nekone\u010dn\u00e9 &#8211; od remeseln\u00fdch pr\u00e1c pre dom\u00e1cich majstrov cez \u0161t\u00fdlov\u00e9 rie\u0161enia skladovania a\u017e po don\u00e1\u0161ku mlieka a\u017e ku dver\u00e1m.\u202f<\/p>\r\n                        \r\n                                                    <a class=\"card-link\" href=\"\/sk\/podniknite-kroky\/opatovne-pouzitie-skla\/\"    >In\u0161pirujte sa<svg width=\"24\" height=\"24\" viewBox=\"0 0 24 24\" fill=\"none\" xmlns=\"http:\/\/www.w3.org\/2000\/svg\">\n    <path d=\"M15.586 10.6569L11.636 6.70692C11.4538 6.51832 11.353 6.26571 11.3553 6.00352C11.3576 5.74132 11.4628 5.49051 11.6482 5.3051C11.8336 5.11969 12.0844 5.01452 12.3466 5.01224C12.6088 5.00997 12.8614 5.11076 13.05 5.29292L18.707 10.9499C18.8002 11.0426 18.8741 11.1527 18.9246 11.2741C18.9751 11.3954 19.001 11.5255 19.001 11.6569C19.001 11.7883 18.9751 11.9184 18.9246 12.0398C18.8741 12.1611 18.8002 12.2713 18.707 12.3639L13.05 18.0209C12.9578 18.1164 12.8474 18.1926 12.7254 18.245C12.6034 18.2974 12.4722 18.325 12.3394 18.3262C12.2066 18.3273 12.0749 18.302 11.952 18.2517C11.8291 18.2015 11.7175 18.1272 11.6236 18.0333C11.5297 17.9394 11.4555 17.8278 11.4052 17.7049C11.3549 17.582 11.3296 17.4503 11.3307 17.3175C11.3319 17.1847 11.3595 17.0535 11.4119 16.9315C11.4643 16.8095 11.5405 16.6992 11.636 16.6069L15.586 12.6569H6C5.73478 12.6569 5.48043 12.5516 5.29289 12.364C5.10536 12.1765 5 11.9221 5 11.6569C5 11.3917 5.10536 11.1373 5.29289 10.9498C5.48043 10.7623 5.73478 10.6569 6 10.6569H15.586Z\" fill=\"#001822\"\/>\n<\/svg><\/a>\r\n                                            <\/div>\r\n                <\/div>\r\n                        <\/div>\r\n        <\/div>\r\n     <\/div>\r\n <\/div>\r\n\r\n\r\n\r\n\n\n \r\n <div  class=\"custom-text-and-image-block background-light-grey\" >\r\n     <div class=\"custom-text-and-image spacing-top-2 spacing-bottom-2 global-container-wide\" >\r\n         <div class=\"media-container\">\r\n            <div class=\"media square\">\r\n                <img loading=\"lazy\" decoding=\"async\" width=\"600\" height=\"600\" src=\"https:\/\/friendsofglass.com\/sk\/wp-content\/uploads\/sites\/11\/2024\/07\/friends-of-glass-celebrates-glass-awareness-glass-packaging.png\" class=\"attachment-full size-full\" alt=\"friends-of-glass-celebrates-glass-awareness-glass-packaging\" srcset=\"https:\/\/friendsofglass.com\/sk\/wp-content\/uploads\/sites\/11\/2024\/07\/friends-of-glass-celebrates-glass-awareness-glass-packaging.png 600w, https:\/\/friendsofglass.com\/sk\/wp-content\/uploads\/sites\/11\/2024\/07\/friends-of-glass-celebrates-glass-awareness-glass-packaging-300x300.png 300w, https:\/\/friendsofglass.com\/sk\/wp-content\/uploads\/sites\/11\/2024\/07\/friends-of-glass-celebrates-glass-awareness-glass-packaging-150x150.png 150w\" sizes=\"auto, (max-width: 600px) 100vw, 600px\" \/>            <\/div>\r\n        <\/div>\r\n        <div class=\"content\">\r\n            <h3 class=\"section-title\" >Podporte na\u0161e kampane<\/h3>\r\n            <p class=\"section-description\" >Friends of Glass oslavuj\u00fa sklo a zvy\u0161uj\u00fa povedomie o v\u00fdhod\u00e1ch sklenen\u00fdch obalov. Objavte na\u0161e najnov\u0161ie kampane. <\/p>\r\n            <div class=\"buttons\">\r\n                                 <a class=\"main-btn background-green\" href=\"https:\/\/friendsofglass.com\/sk\/podniknite-kroky\/kampan\/\"     >Vyjadrite svoju podporu<svg width=\"24\" height=\"24\" viewBox=\"0 0 24 24\" fill=\"none\" xmlns=\"http:\/\/www.w3.org\/2000\/svg\">\n    <path d=\"M15.586 10.6569L11.636 6.70692C11.4538 6.51832 11.353 6.26571 11.3553 6.00352C11.3576 5.74132 11.4628 5.49051 11.6482 5.3051C11.8336 5.11969 12.0844 5.01452 12.3466 5.01224C12.6088 5.00997 12.8614 5.11076 13.05 5.29292L18.707 10.9499C18.8002 11.0426 18.8741 11.1527 18.9246 11.2741C18.9751 11.3954 19.001 11.5255 19.001 11.6569C19.001 11.7883 18.9751 11.9184 18.9246 12.0398C18.8741 12.1611 18.8002 12.2713 18.707 12.3639L13.05 18.0209C12.9578 18.1164 12.8474 18.1926 12.7254 18.245C12.6034 18.2974 12.4722 18.325 12.3394 18.3262C12.2066 18.3273 12.0749 18.302 11.952 18.2517C11.8291 18.2015 11.7175 18.1272 11.6236 18.0333C11.5297 17.9394 11.4555 17.8278 11.4052 17.7049C11.3549 17.582 11.3296 17.4503 11.3307 17.3175C11.3319 17.1847 11.3595 17.0535 11.4119 16.9315C11.4643 16.8095 11.5405 16.6992 11.636 16.6069L15.586 12.6569H6C5.73478 12.6569 5.48043 12.5516 5.29289 12.364C5.10536 12.1765 5 11.9221 5 11.6569C5 11.3917 5.10536 11.1373 5.29289 10.9498C5.48043 10.7623 5.73478 10.6569 6 10.6569H15.586Z\" fill=\"#001822\"\/>\n<\/svg><\/a>\r\n                                            <\/div>\r\n\r\n        <\/div>\r\n     <\/div>\r\n <\/div>\r\n","protected":false},"excerpt":{"rendered":"","protected":false},"author":1,"featured_media":0,"parent":0,"menu_order":0,"comment_status":"closed","ping_status":"closed","template":"","meta":{"_acf_changed":true,"inline_featured_image":false,"footnotes":""},"class_list":["post-114","page","type-page","status-publish","hentry"],"acf":[],"yoast_head":"<!-- This site is optimized with the Yoast SEO plugin v26.3 - https:\/\/yoast.com\/wordpress\/plugins\/seo\/ -->\n<title>Podniknite kroky - Friends of Glass SK<\/title>\n<meta name=\"description\" content=\"Nau\u010dte sa, ako vies\u0165 cie\u013eavedomej\u0161\u00ed \u017eivotn\u00fd \u0161t\u00fdl t\u00fdm, \u017ee za\u010dlen\u00edte sklo do svojej ka\u017edodennej rutiny, od v\u00fdberu a\u017e po recykl\u00e1ciu a op\u00e4tovn\u00e9 pou\u017e\u00edvanie n\u00e1dob.\" \/>\n<meta name=\"robots\" content=\"index, follow, max-snippet:-1, max-image-preview:large, max-video-preview:-1\" \/>\n<link rel=\"canonical\" href=\"https:\/\/friendsofglass.com\/sk\/podniknite-kroky\/\" \/>\n<meta property=\"og:locale\" content=\"en_US\" \/>\n<meta property=\"og:type\" content=\"article\" \/>\n<meta property=\"og:title\" content=\"Podniknite kroky - Friends of Glass SK\" \/>\n<meta property=\"og:description\" content=\"Nau\u010dte sa, ako vies\u0165 cie\u013eavedomej\u0161\u00ed \u017eivotn\u00fd \u0161t\u00fdl t\u00fdm, \u017ee za\u010dlen\u00edte sklo do svojej ka\u017edodennej rutiny, od v\u00fdberu a\u017e po recykl\u00e1ciu a op\u00e4tovn\u00e9 pou\u017e\u00edvanie n\u00e1dob.\" \/>\n<meta property=\"og:url\" content=\"https:\/\/friendsofglass.com\/sk\/podniknite-kroky\/\" \/>\n<meta property=\"og:site_name\" content=\"Friends of Glass SK\" \/>\n<meta property=\"article:modified_time\" content=\"2025-07-02T12:57:56+00:00\" \/>\n<meta name=\"twitter:card\" content=\"summary_large_image\" \/>\n<script type=\"application\/ld+json\" class=\"yoast-schema-graph\">{\"@context\":\"https:\/\/schema.org\",\"@graph\":[{\"@type\":\"WebPage\",\"@id\":\"https:\/\/friendsofglass.com\/sk\/podniknite-kroky\/\",\"url\":\"https:\/\/friendsofglass.com\/sk\/podniknite-kroky\/\",\"name\":\"Podniknite kroky - Friends of Glass SK\",\"isPartOf\":{\"@id\":\"https:\/\/friendsofglass.com\/sk\/#website\"},\"datePublished\":\"2024-06-24T15:23:58+00:00\",\"dateModified\":\"2025-07-02T12:57:56+00:00\",\"description\":\"Nau\u010dte sa, ako vies\u0165 cie\u013eavedomej\u0161\u00ed \u017eivotn\u00fd \u0161t\u00fdl t\u00fdm, \u017ee za\u010dlen\u00edte sklo do svojej ka\u017edodennej rutiny, od v\u00fdberu a\u017e po recykl\u00e1ciu a op\u00e4tovn\u00e9 pou\u017e\u00edvanie n\u00e1dob.\",\"breadcrumb\":{\"@id\":\"https:\/\/friendsofglass.com\/sk\/podniknite-kroky\/#breadcrumb\"},\"inLanguage\":\"en-US\",\"potentialAction\":[{\"@type\":\"ReadAction\",\"target\":[\"https:\/\/friendsofglass.com\/sk\/podniknite-kroky\/\"]}]},{\"@type\":\"BreadcrumbList\",\"@id\":\"https:\/\/friendsofglass.com\/sk\/podniknite-kroky\/#breadcrumb\",\"itemListElement\":[{\"@type\":\"ListItem\",\"position\":1,\"name\":\"Home\",\"item\":\"https:\/\/friendsofglass.com\/sk\/\"},{\"@type\":\"ListItem\",\"position\":2,\"name\":\"Podniknite kroky\"}]},{\"@type\":\"WebSite\",\"@id\":\"https:\/\/friendsofglass.com\/sk\/#website\",\"url\":\"https:\/\/friendsofglass.com\/sk\/\",\"name\":\"Friends of Glass SK\",\"description\":\"\",\"publisher\":{\"@id\":\"https:\/\/friendsofglass.com\/sk\/#organization\"},\"potentialAction\":[{\"@type\":\"SearchAction\",\"target\":{\"@type\":\"EntryPoint\",\"urlTemplate\":\"https:\/\/friendsofglass.com\/sk\/?s={search_term_string}\"},\"query-input\":{\"@type\":\"PropertyValueSpecification\",\"valueRequired\":true,\"valueName\":\"search_term_string\"}}],\"inLanguage\":\"en-US\"},{\"@type\":\"Organization\",\"@id\":\"https:\/\/friendsofglass.com\/sk\/#organization\",\"name\":\"Friends of Glass SK\",\"url\":\"https:\/\/friendsofglass.com\/sk\/\",\"logo\":{\"@type\":\"ImageObject\",\"inLanguage\":\"en-US\",\"@id\":\"https:\/\/friendsofglass.com\/sk\/#\/schema\/logo\/image\/\",\"url\":\"https:\/\/friendsofglass.com\/sk\/wp-content\/uploads\/sites\/11\/2024\/03\/FoG_site_logo.png\",\"contentUrl\":\"https:\/\/friendsofglass.com\/sk\/wp-content\/uploads\/sites\/11\/2024\/03\/FoG_site_logo.png\",\"width\":458,\"height\":227,\"caption\":\"Friends of Glass SK\"},\"image\":{\"@id\":\"https:\/\/friendsofglass.com\/sk\/#\/schema\/logo\/image\/\"}}]}<\/script>\n<!-- \/ Yoast SEO plugin. -->","yoast_head_json":{"title":"Podniknite kroky - Friends of Glass SK","description":"Nau\u010dte sa, ako vies\u0165 cie\u013eavedomej\u0161\u00ed \u017eivotn\u00fd \u0161t\u00fdl t\u00fdm, \u017ee za\u010dlen\u00edte sklo do svojej ka\u017edodennej rutiny, od v\u00fdberu a\u017e po recykl\u00e1ciu a op\u00e4tovn\u00e9 pou\u017e\u00edvanie n\u00e1dob.","robots":{"index":"index","follow":"follow","max-snippet":"max-snippet:-1","max-image-preview":"max-image-preview:large","max-video-preview":"max-video-preview:-1"},"canonical":"https:\/\/friendsofglass.com\/sk\/podniknite-kroky\/","og_locale":"en_US","og_type":"article","og_title":"Podniknite kroky - Friends of Glass SK","og_description":"Nau\u010dte sa, ako vies\u0165 cie\u013eavedomej\u0161\u00ed \u017eivotn\u00fd \u0161t\u00fdl t\u00fdm, \u017ee za\u010dlen\u00edte sklo do svojej ka\u017edodennej rutiny, od v\u00fdberu a\u017e po recykl\u00e1ciu a op\u00e4tovn\u00e9 pou\u017e\u00edvanie n\u00e1dob.","og_url":"https:\/\/friendsofglass.com\/sk\/podniknite-kroky\/","og_site_name":"Friends of Glass SK","article_modified_time":"2025-07-02T12:57:56+00:00","twitter_card":"summary_large_image","schema":{"@context":"https:\/\/schema.org","@graph":[{"@type":"WebPage","@id":"https:\/\/friendsofglass.com\/sk\/podniknite-kroky\/","url":"https:\/\/friendsofglass.com\/sk\/podniknite-kroky\/","name":"Podniknite kroky - Friends of Glass SK","isPartOf":{"@id":"https:\/\/friendsofglass.com\/sk\/#website"},"datePublished":"2024-06-24T15:23:58+00:00","dateModified":"2025-07-02T12:57:56+00:00","description":"Nau\u010dte sa, ako vies\u0165 cie\u013eavedomej\u0161\u00ed \u017eivotn\u00fd \u0161t\u00fdl t\u00fdm, \u017ee za\u010dlen\u00edte sklo do svojej ka\u017edodennej rutiny, od v\u00fdberu a\u017e po recykl\u00e1ciu a op\u00e4tovn\u00e9 pou\u017e\u00edvanie n\u00e1dob.","breadcrumb":{"@id":"https:\/\/friendsofglass.com\/sk\/podniknite-kroky\/#breadcrumb"},"inLanguage":"en-US","potentialAction":[{"@type":"ReadAction","target":["https:\/\/friendsofglass.com\/sk\/podniknite-kroky\/"]}]},{"@type":"BreadcrumbList","@id":"https:\/\/friendsofglass.com\/sk\/podniknite-kroky\/#breadcrumb","itemListElement":[{"@type":"ListItem","position":1,"name":"Home","item":"https:\/\/friendsofglass.com\/sk\/"},{"@type":"ListItem","position":2,"name":"Podniknite kroky"}]},{"@type":"WebSite","@id":"https:\/\/friendsofglass.com\/sk\/#website","url":"https:\/\/friendsofglass.com\/sk\/","name":"Friends of Glass SK","description":"","publisher":{"@id":"https:\/\/friendsofglass.com\/sk\/#organization"},"potentialAction":[{"@type":"SearchAction","target":{"@type":"EntryPoint","urlTemplate":"https:\/\/friendsofglass.com\/sk\/?s={search_term_string}"},"query-input":{"@type":"PropertyValueSpecification","valueRequired":true,"valueName":"search_term_string"}}],"inLanguage":"en-US"},{"@type":"Organization","@id":"https:\/\/friendsofglass.com\/sk\/#organization","name":"Friends of Glass SK","url":"https:\/\/friendsofglass.com\/sk\/","logo":{"@type":"ImageObject","inLanguage":"en-US","@id":"https:\/\/friendsofglass.com\/sk\/#\/schema\/logo\/image\/","url":"https:\/\/friendsofglass.com\/sk\/wp-content\/uploads\/sites\/11\/2024\/03\/FoG_site_logo.png","contentUrl":"https:\/\/friendsofglass.com\/sk\/wp-content\/uploads\/sites\/11\/2024\/03\/FoG_site_logo.png","width":458,"height":227,"caption":"Friends of Glass SK"},"image":{"@id":"https:\/\/friendsofglass.com\/sk\/#\/schema\/logo\/image\/"}}]}},"_links":{"self":[{"href":"https:\/\/friendsofglass.com\/sk\/wp-json\/wp\/v2\/pages\/114","targetHints":{"allow":["GET"]}}],"collection":[{"href":"https:\/\/friendsofglass.com\/sk\/wp-json\/wp\/v2\/pages"}],"about":[{"href":"https:\/\/friendsofglass.com\/sk\/wp-json\/wp\/v2\/types\/page"}],"author":[{"embeddable":true,"href":"https:\/\/friendsofglass.com\/sk\/wp-json\/wp\/v2\/users\/1"}],"replies":[{"embeddable":true,"href":"https:\/\/friendsofglass.com\/sk\/wp-json\/wp\/v2\/comments?post=114"}],"version-history":[{"count":0,"href":"https:\/\/friendsofglass.com\/sk\/wp-json\/wp\/v2\/pages\/114\/revisions"}],"wp:attachment":[{"href":"https:\/\/friendsofglass.com\/sk\/wp-json\/wp\/v2\/media?parent=114"}],"curies":[{"name":"wp","href":"https:\/\/api.w.org\/{rel}","templated":true}]}}